{"id":982,"date":"2024-05-12T15:20:37","date_gmt":"2024-05-12T14:20:37","guid":{"rendered":"https:\/\/finquesbadalona.com\/?page_id=982"},"modified":"2024-05-28T10:27:21","modified_gmt":"2024-05-28T09:27:21","slug":"assessorament-tecnic","status":"publish","type":"page","link":"https:\/\/finquesbadalona.com\/es\/asesoria-tecnica\/","title":{"rendered":"Asesor\u00eda t\u00e9cnica"},"content":{"rendered":"<div data-elementor-type=\"wp-page\" data-elementor-id=\"982\" class=\"elementor elementor-982\">\n\t\t\t\t\t\t<section class=\"elementor-section elementor-top-section elementor-element elementor-element-26c11312 elementor-section-full_width elementor-section-height-default elementor-section-height-default parallax_section_no qode_elementor_container_no\" data-id=\"26c11312\" data-element_type=\"section\" data-e-type=\"section\" data-settings=\"{&quot;background_background&quot;:&quot;classic&quot;}\">\n\t\t\t\t\t\t<div class=\"elementor-container elementor-column-gap-default\">\n\t\t\t\t\t<div class=\"elementor-column elementor-col-100 elementor-top-column elementor-element elementor-element-635f80e4\" data-id=\"635f80e4\" data-element_type=\"column\" data-e-type=\"column\">\n\t\t\t<div class=\"elementor-widget-wrap elementor-element-populated\">\n\t\t\t\t\t\t<section class=\"elementor-section elementor-inner-section elementor-element elementor-element-ea01578 elementor-section-full_width elementor-section-height-default elementor-section-height-default parallax_section_no qode_elementor_container_no\" data-id=\"ea01578\" data-element_type=\"section\" data-e-type=\"section\">\n\t\t\t\t\t\t<div class=\"elementor-container elementor-column-gap-default\">\n\t\t\t\t\t<div class=\"elementor-column elementor-col-50 elementor-inner-column elementor-element elementor-element-df49789\" data-id=\"df49789\" data-element_type=\"column\" data-e-type=\"column\">\n\t\t\t<div class=\"elementor-widget-wrap elementor-element-populated\">\n\t\t\t\t\t\t<div class=\"elementor-element elementor-element-729c4463 elementor-widget elementor-widget-image\" data-id=\"729c4463\" data-element_type=\"widget\" data-e-type=\"widget\" data-widget_type=\"image.default\">\n\t\t\t\t<div class=\"elementor-widget-container\">\n\t\t\t\t\t\t\t\t\t\t\t\t\t\t\t<img fetchpriority=\"high\" decoding=\"async\" width=\"1920\" height=\"1280\" src=\"https:\/\/finquesbadalona.com\/wp-content\/uploads\/2024\/04\/assessorament_tecnic_Finques-Badalona.webp\" class=\"attachment-full size-full wp-image-1436\" alt=\"Equip professional de t\u00e8cnics format per arquitectes i enginyers que ofereixen els seus serveis de control\" srcset=\"https:\/\/finquesbadalona.com\/wp-content\/uploads\/2024\/04\/assessorament_tecnic_Finques-Badalona.webp 1920w, https:\/\/finquesbadalona.com\/wp-content\/uploads\/2024\/04\/assessorament_tecnic_Finques-Badalona-300x200.webp 300w, https:\/\/finquesbadalona.com\/wp-content\/uploads\/2024\/04\/assessorament_tecnic_Finques-Badalona-1024x683.webp 1024w, https:\/\/finquesbadalona.com\/wp-content\/uploads\/2024\/04\/assessorament_tecnic_Finques-Badalona-768x512.webp 768w, https:\/\/finquesbadalona.com\/wp-content\/uploads\/2024\/04\/assessorament_tecnic_Finques-Badalona-1536x1024.webp 1536w, https:\/\/finquesbadalona.com\/wp-content\/uploads\/2024\/04\/assessorament_tecnic_Finques-Badalona-700x467.webp 700w\" sizes=\"(max-width: 1920px) 100vw, 1920px\" \/>\t\t\t\t\t\t\t\t\t\t\t\t\t\t\t<\/div>\n\t\t\t\t<\/div>\n\t\t\t\t\t<\/div>\n\t\t<\/div>\n\t\t\t\t<div class=\"elementor-column elementor-col-50 elementor-inner-column elementor-element elementor-element-4d1cbe4d\" data-id=\"4d1cbe4d\" data-element_type=\"column\" data-e-type=\"column\">\n\t\t\t<div class=\"elementor-widget-wrap elementor-element-populated\">\n\t\t\t\t\t\t<div class=\"elementor-element elementor-element-21d7f2d9 elementor-widget elementor-widget-heading\" data-id=\"21d7f2d9\" data-element_type=\"widget\" data-e-type=\"widget\" data-widget_type=\"heading.default\">\n\t\t\t\t<div class=\"elementor-widget-container\">\n\t\t\t\t\t<h3 class=\"elementor-heading-title elementor-size-default\">Asesor\u00eda t\u00e9cnica<\/h3>\t\t\t\t<\/div>\n\t\t\t\t<\/div>\n\t\t\t\t<div class=\"elementor-element elementor-element-517ad81b elementor-widget elementor-widget-spacer\" data-id=\"517ad81b\" data-element_type=\"widget\" data-e-type=\"widget\" data-widget_type=\"spacer.default\">\n\t\t\t\t<div class=\"elementor-widget-container\">\n\t\t\t\t\t\t\t<div class=\"elementor-spacer\">\n\t\t\t<div class=\"elementor-spacer-inner\"><\/div>\n\t\t<\/div>\n\t\t\t\t\t\t<\/div>\n\t\t\t\t<\/div>\n\t\t\t\t<div class=\"elementor-element elementor-element-4618a264 elementor-widget elementor-widget-text-editor\" data-id=\"4618a264\" data-element_type=\"widget\" data-e-type=\"widget\" data-widget_type=\"text-editor.default\">\n\t\t\t\t<div class=\"elementor-widget-container\">\n\t\t\t\t\t\t\t\t\t<p>Trabajamos con un equipo profesional de t\u00e9cnicos formado por arquitectos e ingenieros que ofrecen sus servicios de control para constatar el estado real de conservaci\u00f3n de cada inmueble y prevenir da\u00f1os materiales y riesgos f\u00edsicos.\u00a0<\/p>\t\t\t\t\t\t\t\t<\/div>\n\t\t\t\t<\/div>\n\t\t\t\t<div class=\"elementor-element elementor-element-5b620f22 elementor-widget elementor-widget-spacer\" data-id=\"5b620f22\" data-element_type=\"widget\" data-e-type=\"widget\" data-widget_type=\"spacer.default\">\n\t\t\t\t<div class=\"elementor-widget-container\">\n\t\t\t\t\t\t\t<div class=\"elementor-spacer\">\n\t\t\t<div class=\"elementor-spacer-inner\"><\/div>\n\t\t<\/div>\n\t\t\t\t\t\t<\/div>\n\t\t\t\t<\/div>\n\t\t\t\t\t<\/div>\n\t\t<\/div>\n\t\t\t\t\t<\/div>\n\t\t<\/section>\n\t\t\t\t\t<\/div>\n\t\t<\/div>\n\t\t\t\t\t<\/div>\n\t\t<\/section>\n\t\t\t\t<\/div>","protected":false},"excerpt":{"rendered":"<p>Assessorament t\u00e8cnic Treballem amb un equip professional de t\u00e8cnics format per arquitectes i enginyers que ofereixen els seus serveis de control per constatar l&#8217;estat real de conservaci\u00f3 de cada immoble i prevenir danys materials i riscs f\u00edsics.\u00a0<\/p>","protected":false},"author":1,"featured_media":0,"parent":0,"menu_order":0,"comment_status":"closed","ping_status":"closed","template":"full_width.php","meta":{"footnotes":""},"class_list":["post-982","page","type-page","status-publish","hentry"],"yoast_head":"<!-- This site is optimized with the Yoast SEO plugin v27.5 - https:\/\/yoast.com\/product\/yoast-seo-wordpress\/ -->\n<title>Assessorament t\u00e8cnic - Finques Badalona<\/title>\n<meta name=\"description\" content=\"A Finques Badalona treballem amb un equip professional de t\u00e8cnics format per arquitectes i enginyers que ofereixen els seus serveis de control per constatar l\u2019estat real de conservaci\u00f3 de cada immoble i prevenir danys materials i riscs f\u00edsics.\" \/>\n<meta name=\"robots\" content=\"index, follow, max-snippet:-1, max-image-preview:large, max-video-preview:-1\" \/>\n<link rel=\"canonical\" href=\"https:\/\/finquesbadalona.com\/es\/assessorament-tecnic\/\" \/>\n<meta property=\"og:locale\" content=\"es_ES\" \/>\n<meta property=\"og:type\" content=\"article\" \/>\n<meta property=\"og:title\" content=\"Assessorament t\u00e8cnic - Finques Badalona\" \/>\n<meta property=\"og:description\" content=\"A Finques Badalona treballem amb un equip professional de t\u00e8cnics format per arquitectes i enginyers que ofereixen els seus serveis de control per constatar l\u2019estat real de conservaci\u00f3 de cada immoble i prevenir danys materials i riscs f\u00edsics.\" \/>\n<meta property=\"og:url\" content=\"https:\/\/finquesbadalona.com\/es\/assessorament-tecnic\/\" \/>\n<meta property=\"og:site_name\" content=\"Finques Badalona\" \/>\n<meta property=\"article:modified_time\" content=\"2024-05-28T09:27:21+00:00\" \/>\n<meta property=\"og:image\" content=\"https:\/\/finquesbadalona.com\/wp-content\/uploads\/2024\/04\/assessorament_tecnic_Finques-Badalona.webp\" \/>\n<meta name=\"twitter:card\" content=\"summary_large_image\" \/>\n<meta name=\"twitter:label1\" content=\"Tiempo de lectura\" \/>\n\t<meta name=\"twitter:data1\" content=\"1 minuto\" \/>\n<script type=\"application\/ld+json\" class=\"yoast-schema-graph\">{\"@context\":\"https:\\\/\\\/schema.org\",\"@graph\":[{\"@type\":\"WebPage\",\"@id\":\"https:\\\/\\\/finquesbadalona.com\\\/assessorament-tecnic\\\/\",\"url\":\"https:\\\/\\\/finquesbadalona.com\\\/assessorament-tecnic\\\/\",\"name\":\"Assessorament t\u00e8cnic - Finques Badalona\",\"isPartOf\":{\"@id\":\"https:\\\/\\\/finquesbadalona.com\\\/#website\"},\"primaryImageOfPage\":{\"@id\":\"https:\\\/\\\/finquesbadalona.com\\\/assessorament-tecnic\\\/#primaryimage\"},\"image\":{\"@id\":\"https:\\\/\\\/finquesbadalona.com\\\/assessorament-tecnic\\\/#primaryimage\"},\"thumbnailUrl\":\"https:\\\/\\\/finquesbadalona.com\\\/wp-content\\\/uploads\\\/2024\\\/04\\\/assessorament_tecnic_Finques-Badalona.webp\",\"datePublished\":\"2024-05-12T14:20:37+00:00\",\"dateModified\":\"2024-05-28T09:27:21+00:00\",\"description\":\"A Finques Badalona treballem amb un equip professional de t\u00e8cnics format per arquitectes i enginyers que ofereixen els seus serveis de control per constatar l\u2019estat real de conservaci\u00f3 de cada immoble i prevenir danys materials i riscs f\u00edsics.\",\"breadcrumb\":{\"@id\":\"https:\\\/\\\/finquesbadalona.com\\\/assessorament-tecnic\\\/#breadcrumb\"},\"inLanguage\":\"es\",\"potentialAction\":[{\"@type\":\"ReadAction\",\"target\":[\"https:\\\/\\\/finquesbadalona.com\\\/assessorament-tecnic\\\/\"]}]},{\"@type\":\"ImageObject\",\"inLanguage\":\"es\",\"@id\":\"https:\\\/\\\/finquesbadalona.com\\\/assessorament-tecnic\\\/#primaryimage\",\"url\":\"https:\\\/\\\/finquesbadalona.com\\\/wp-content\\\/uploads\\\/2024\\\/04\\\/assessorament_tecnic_Finques-Badalona.webp\",\"contentUrl\":\"https:\\\/\\\/finquesbadalona.com\\\/wp-content\\\/uploads\\\/2024\\\/04\\\/assessorament_tecnic_Finques-Badalona.webp\"},{\"@type\":\"BreadcrumbList\",\"@id\":\"https:\\\/\\\/finquesbadalona.com\\\/assessorament-tecnic\\\/#breadcrumb\",\"itemListElement\":[{\"@type\":\"ListItem\",\"position\":1,\"name\":\"Portada\",\"item\":\"https:\\\/\\\/finquesbadalona.com\\\/\"},{\"@type\":\"ListItem\",\"position\":2,\"name\":\"Assessorament t\u00e8cnic\"}]},{\"@type\":\"WebSite\",\"@id\":\"https:\\\/\\\/finquesbadalona.com\\\/#website\",\"url\":\"https:\\\/\\\/finquesbadalona.com\\\/\",\"name\":\"Finques Badalona\",\"description\":\"El teu administrador de finques de confian\u00e7a\",\"publisher\":{\"@id\":\"https:\\\/\\\/finquesbadalona.com\\\/#organization\"},\"alternateName\":\"Finques Badalona - Administradors de finques\",\"potentialAction\":[{\"@type\":\"SearchAction\",\"target\":{\"@type\":\"EntryPoint\",\"urlTemplate\":\"https:\\\/\\\/finquesbadalona.com\\\/?s={search_term_string}\"},\"query-input\":{\"@type\":\"PropertyValueSpecification\",\"valueRequired\":true,\"valueName\":\"search_term_string\"}}],\"inLanguage\":\"es\"},{\"@type\":\"Organization\",\"@id\":\"https:\\\/\\\/finquesbadalona.com\\\/#organization\",\"name\":\"Finques Badalona\",\"alternateName\":\"Finques Badalona - Administradors de finques\",\"url\":\"https:\\\/\\\/finquesbadalona.com\\\/\",\"logo\":{\"@type\":\"ImageObject\",\"inLanguage\":\"es\",\"@id\":\"https:\\\/\\\/finquesbadalona.com\\\/#\\\/schema\\\/logo\\\/image\\\/\",\"url\":\"https:\\\/\\\/finquesbadalona.com\\\/wp-content\\\/uploads\\\/2024\\\/03\\\/logo-verd.png\",\"contentUrl\":\"https:\\\/\\\/finquesbadalona.com\\\/wp-content\\\/uploads\\\/2024\\\/03\\\/logo-verd.png\",\"width\":397,\"height\":261,\"caption\":\"Finques Badalona\"},\"image\":{\"@id\":\"https:\\\/\\\/finquesbadalona.com\\\/#\\\/schema\\\/logo\\\/image\\\/\"},\"sameAs\":[\"https:\\\/\\\/www.instagram.com\\\/finquesbadalona\\\/\"]}]}<\/script>\n<!-- \/ Yoast SEO plugin. -->","yoast_head_json":{"title":"Asesor\u00eda t\u00e9cnica - Finques Badalona","description":"En Finques Badalona trabajamos con un equipo profesional de t\u00e9cnicos formado por arquitectos e ingenieros que ofrecen sus servicios de control para constatar el estado real de conservaci\u00f3n de cada inmueble y prevenir da\u00f1os materiales y riesgos f\u00edsicos.","robots":{"index":"index","follow":"follow","max-snippet":"max-snippet:-1","max-image-preview":"max-image-preview:large","max-video-preview":"max-video-preview:-1"},"canonical":"https:\/\/finquesbadalona.com\/es\/assessorament-tecnic\/","og_locale":"es_ES","og_type":"article","og_title":"Assessorament t\u00e8cnic - Finques Badalona","og_description":"A Finques Badalona treballem amb un equip professional de t\u00e8cnics format per arquitectes i enginyers que ofereixen els seus serveis de control per constatar l\u2019estat real de conservaci\u00f3 de cada immoble i prevenir danys materials i riscs f\u00edsics.","og_url":"https:\/\/finquesbadalona.com\/es\/assessorament-tecnic\/","og_site_name":"Finques Badalona","article_modified_time":"2024-05-28T09:27:21+00:00","og_image":[{"url":"https:\/\/finquesbadalona.com\/wp-content\/uploads\/2024\/04\/assessorament_tecnic_Finques-Badalona.webp","type":"","width":"","height":""}],"twitter_card":"summary_large_image","twitter_misc":{"Tiempo de lectura":"1 minuto"},"schema":{"@context":"https:\/\/schema.org","@graph":[{"@type":"WebPage","@id":"https:\/\/finquesbadalona.com\/assessorament-tecnic\/","url":"https:\/\/finquesbadalona.com\/assessorament-tecnic\/","name":"Asesor\u00eda t\u00e9cnica - Finques Badalona","isPartOf":{"@id":"https:\/\/finquesbadalona.com\/#website"},"primaryImageOfPage":{"@id":"https:\/\/finquesbadalona.com\/assessorament-tecnic\/#primaryimage"},"image":{"@id":"https:\/\/finquesbadalona.com\/assessorament-tecnic\/#primaryimage"},"thumbnailUrl":"https:\/\/finquesbadalona.com\/wp-content\/uploads\/2024\/04\/assessorament_tecnic_Finques-Badalona.webp","datePublished":"2024-05-12T14:20:37+00:00","dateModified":"2024-05-28T09:27:21+00:00","description":"En Finques Badalona trabajamos con un equipo profesional de t\u00e9cnicos formado por arquitectos e ingenieros que ofrecen sus servicios de control para constatar el estado real de conservaci\u00f3n de cada inmueble y prevenir da\u00f1os materiales y riesgos f\u00edsicos.","breadcrumb":{"@id":"https:\/\/finquesbadalona.com\/assessorament-tecnic\/#breadcrumb"},"inLanguage":"es","potentialAction":[{"@type":"ReadAction","target":["https:\/\/finquesbadalona.com\/assessorament-tecnic\/"]}]},{"@type":"ImageObject","inLanguage":"es","@id":"https:\/\/finquesbadalona.com\/assessorament-tecnic\/#primaryimage","url":"https:\/\/finquesbadalona.com\/wp-content\/uploads\/2024\/04\/assessorament_tecnic_Finques-Badalona.webp","contentUrl":"https:\/\/finquesbadalona.com\/wp-content\/uploads\/2024\/04\/assessorament_tecnic_Finques-Badalona.webp"},{"@type":"BreadcrumbList","@id":"https:\/\/finquesbadalona.com\/assessorament-tecnic\/#breadcrumb","itemListElement":[{"@type":"ListItem","position":1,"name":"Portada","item":"https:\/\/finquesbadalona.com\/"},{"@type":"ListItem","position":2,"name":"Assessorament t\u00e8cnic"}]},{"@type":"WebSite","@id":"https:\/\/finquesbadalona.com\/#website","url":"https:\/\/finquesbadalona.com\/","name":"Finques Badalona","description":"El teu administrador de finques de confian\u00e7a","publisher":{"@id":"https:\/\/finquesbadalona.com\/#organization"},"alternateName":"Finques Badalona - Administradors de finques","potentialAction":[{"@type":"SearchAction","target":{"@type":"EntryPoint","urlTemplate":"https:\/\/finquesbadalona.com\/?s={search_term_string}"},"query-input":{"@type":"PropertyValueSpecification","valueRequired":true,"valueName":"search_term_string"}}],"inLanguage":"es"},{"@type":"Organization","@id":"https:\/\/finquesbadalona.com\/#organization","name":"Finques Badalona","alternateName":"Finques Badalona - Administradors de finques","url":"https:\/\/finquesbadalona.com\/","logo":{"@type":"ImageObject","inLanguage":"es","@id":"https:\/\/finquesbadalona.com\/#\/schema\/logo\/image\/","url":"https:\/\/finquesbadalona.com\/wp-content\/uploads\/2024\/03\/logo-verd.png","contentUrl":"https:\/\/finquesbadalona.com\/wp-content\/uploads\/2024\/03\/logo-verd.png","width":397,"height":261,"caption":"Finques Badalona"},"image":{"@id":"https:\/\/finquesbadalona.com\/#\/schema\/logo\/image\/"},"sameAs":["https:\/\/www.instagram.com\/finquesbadalona\/"]}]}},"_links":{"self":[{"href":"https:\/\/finquesbadalona.com\/es\/wp-json\/wp\/v2\/pages\/982","targetHints":{"allow":["GET"]}}],"collection":[{"href":"https:\/\/finquesbadalona.com\/es\/wp-json\/wp\/v2\/pages"}],"about":[{"href":"https:\/\/finquesbadalona.com\/es\/wp-json\/wp\/v2\/types\/page"}],"author":[{"embeddable":true,"href":"https:\/\/finquesbadalona.com\/es\/wp-json\/wp\/v2\/users\/1"}],"replies":[{"embeddable":true,"href":"https:\/\/finquesbadalona.com\/es\/wp-json\/wp\/v2\/comments?post=982"}],"version-history":[{"count":22,"href":"https:\/\/finquesbadalona.com\/es\/wp-json\/wp\/v2\/pages\/982\/revisions"}],"predecessor-version":[{"id":1789,"href":"https:\/\/finquesbadalona.com\/es\/wp-json\/wp\/v2\/pages\/982\/revisions\/1789"}],"wp:attachment":[{"href":"https:\/\/finquesbadalona.com\/es\/wp-json\/wp\/v2\/media?parent=982"}],"curies":[{"name":"wp","href":"https:\/\/api.w.org\/{rel}","templated":true}]}}