{"id":882,"date":"2024-04-02T19:42:55","date_gmt":"2024-04-02T18:42:55","guid":{"rendered":"https:\/\/finquesbadalona.com\/?page_id=882"},"modified":"2024-05-24T17:25:57","modified_gmt":"2024-05-24T16:25:57","slug":"immobiliaria","status":"publish","type":"page","link":"https:\/\/finquesbadalona.com\/es\/inmobiliaria\/","title":{"rendered":"Inmobiliaria"},"content":{"rendered":"<div data-elementor-type=\"wp-page\" data-elementor-id=\"882\" class=\"elementor elementor-882\">\n\t\t\t\t\t\t<section class=\"elementor-section elementor-top-section elementor-element elementor-element-26c11312 elementor-section-full_width elementor-section-height-default elementor-section-height-default parallax_section_no qode_elementor_container_no\" data-id=\"26c11312\" data-element_type=\"section\" data-e-type=\"section\" data-settings=\"{&quot;background_background&quot;:&quot;classic&quot;}\">\n\t\t\t\t\t\t<div class=\"elementor-container elementor-column-gap-default\">\n\t\t\t\t\t<div class=\"elementor-column elementor-col-100 elementor-top-column elementor-element elementor-element-635f80e4\" data-id=\"635f80e4\" data-element_type=\"column\" data-e-type=\"column\">\n\t\t\t<div class=\"elementor-widget-wrap elementor-element-populated\">\n\t\t\t\t\t\t<section class=\"elementor-section elementor-inner-section elementor-element elementor-element-ea01578 elementor-section-full_width elementor-section-height-default elementor-section-height-default parallax_section_no qode_elementor_container_no\" data-id=\"ea01578\" data-element_type=\"section\" data-e-type=\"section\">\n\t\t\t\t\t\t<div class=\"elementor-container elementor-column-gap-default\">\n\t\t\t\t\t<div class=\"elementor-column elementor-col-50 elementor-inner-column elementor-element elementor-element-df49789\" data-id=\"df49789\" data-element_type=\"column\" data-e-type=\"column\">\n\t\t\t<div class=\"elementor-widget-wrap elementor-element-populated\">\n\t\t\t\t\t\t<div class=\"elementor-element elementor-element-729c4463 elementor-widget elementor-widget-image\" data-id=\"729c4463\" data-element_type=\"widget\" data-e-type=\"widget\" data-widget_type=\"image.default\">\n\t\t\t\t<div class=\"elementor-widget-container\">\n\t\t\t\t\t\t\t\t\t\t\t\t\t\t\t<img fetchpriority=\"high\" decoding=\"async\" width=\"1230\" height=\"713\" src=\"https:\/\/finquesbadalona.com\/wp-content\/uploads\/2024\/04\/Immbiliaria_Finques-Badalona-e1715701164125.webp\" class=\"attachment-full size-full wp-image-1425\" alt=\"Finques Badalona \u00e9s una ag\u00e8ncia immobili\u00e0ria especialitzada en el sector a Badalona\" srcset=\"https:\/\/finquesbadalona.com\/wp-content\/uploads\/2024\/04\/Immbiliaria_Finques-Badalona-e1715701164125.webp 1230w, https:\/\/finquesbadalona.com\/wp-content\/uploads\/2024\/04\/Immbiliaria_Finques-Badalona-e1715701164125-300x174.webp 300w, https:\/\/finquesbadalona.com\/wp-content\/uploads\/2024\/04\/Immbiliaria_Finques-Badalona-e1715701164125-1024x594.webp 1024w, https:\/\/finquesbadalona.com\/wp-content\/uploads\/2024\/04\/Immbiliaria_Finques-Badalona-e1715701164125-768x445.webp 768w, https:\/\/finquesbadalona.com\/wp-content\/uploads\/2024\/04\/Immbiliaria_Finques-Badalona-e1715701164125-700x406.webp 700w\" sizes=\"(max-width: 1230px) 100vw, 1230px\" \/>\t\t\t\t\t\t\t\t\t\t\t\t\t\t\t<\/div>\n\t\t\t\t<\/div>\n\t\t\t\t\t<\/div>\n\t\t<\/div>\n\t\t\t\t<div class=\"elementor-column elementor-col-50 elementor-inner-column elementor-element elementor-element-4d1cbe4d\" data-id=\"4d1cbe4d\" data-element_type=\"column\" data-e-type=\"column\">\n\t\t\t<div class=\"elementor-widget-wrap elementor-element-populated\">\n\t\t\t\t\t\t<div class=\"elementor-element elementor-element-21d7f2d9 elementor-widget elementor-widget-heading\" data-id=\"21d7f2d9\" data-element_type=\"widget\" data-e-type=\"widget\" data-widget_type=\"heading.default\">\n\t\t\t\t<div class=\"elementor-widget-container\">\n\t\t\t\t\t<h3 class=\"elementor-heading-title elementor-size-default\">Inmobiliaria<\/h3>\t\t\t\t<\/div>\n\t\t\t\t<\/div>\n\t\t\t\t<div class=\"elementor-element elementor-element-517ad81b elementor-widget elementor-widget-spacer\" data-id=\"517ad81b\" data-element_type=\"widget\" data-e-type=\"widget\" data-widget_type=\"spacer.default\">\n\t\t\t\t<div class=\"elementor-widget-container\">\n\t\t\t\t\t\t\t<div class=\"elementor-spacer\">\n\t\t\t<div class=\"elementor-spacer-inner\"><\/div>\n\t\t<\/div>\n\t\t\t\t\t\t<\/div>\n\t\t\t\t<\/div>\n\t\t\t\t<div class=\"elementor-element elementor-element-4618a264 elementor-widget elementor-widget-text-editor\" data-id=\"4618a264\" data-element_type=\"widget\" data-e-type=\"widget\" data-widget_type=\"text-editor.default\">\n\t\t\t\t<div class=\"elementor-widget-container\">\n\t\t\t\t\t\t\t\t\t\u00bfQu\u00e9 es mejor, vender o alquilar? Asesoramos a nuestros clientes para encontrar la mejor soluci\u00f3n. Finques Badalona es una agencia inmobiliaria especializada en el sector en Badalona.\t\t\t\t\t\t\t\t<\/div>\n\t\t\t\t<\/div>\n\t\t\t\t<div class=\"elementor-element elementor-element-5b620f22 elementor-widget elementor-widget-spacer\" data-id=\"5b620f22\" data-element_type=\"widget\" data-e-type=\"widget\" data-widget_type=\"spacer.default\">\n\t\t\t\t<div class=\"elementor-widget-container\">\n\t\t\t\t\t\t\t<div class=\"elementor-spacer\">\n\t\t\t<div class=\"elementor-spacer-inner\"><\/div>\n\t\t<\/div>\n\t\t\t\t\t\t<\/div>\n\t\t\t\t<\/div>\n\t\t\t\t<div class=\"elementor-element elementor-element-4dc4539 elementor-widget elementor-widget-text-editor\" data-id=\"4dc4539\" data-element_type=\"widget\" data-e-type=\"widget\" data-widget_type=\"text-editor.default\">\n\t\t\t\t<div class=\"elementor-widget-container\">\n\t\t\t\t\t\t\t\t\t<p>Nuestros servicios incluyen:<\/p><ul><li>Compra y venta de pisos, locales y naves industriales.<\/li><li>Alquiler de pisos, apartamentos, casas y locales comerciales.<\/li><li>Confecci\u00f3n de contratos de compraventa y alquiler de inmuebles.<\/li><li>Tasaciones y valoraciones de inmuebles y viviendas obteniendo un valor real y ajustado al mercado inmobiliario.<\/li><li>Solicitud y renovaci\u00f3n de C\u00e9lulas de habitabilidad y Certificados energ\u00e9ticos.<\/li><li>Tramitaci\u00f3n de escrituras.<\/li><\/ul>\t\t\t\t\t\t\t\t<\/div>\n\t\t\t\t<\/div>\n\t\t\t\t\t<\/div>\n\t\t<\/div>\n\t\t\t\t\t<\/div>\n\t\t<\/section>\n\t\t\t\t\t<\/div>\n\t\t<\/div>\n\t\t\t\t\t<\/div>\n\t\t<\/section>\n\t\t\t\t<\/div>","protected":false},"excerpt":{"rendered":"<p>Immobili\u00e0ria Qu\u00e8 \u00e9s millor, vendre o llogar? Assessorem els nostres clients per a trobar la millor soluci\u00f3. Finques Badalona \u00e9s una ag\u00e8ncia immobili\u00e0ria especialitzada en el sector a Badalona. Els nostres serveis inclouen: Compra i venda de pisos, locals i naus industrials. Lloguer de pisos,&#8230;<\/p>","protected":false},"author":1,"featured_media":0,"parent":0,"menu_order":0,"comment_status":"closed","ping_status":"closed","template":"full_width.php","meta":{"footnotes":""},"class_list":["post-882","page","type-page","status-publish","hentry"],"yoast_head":"<!-- This site is optimized with the Yoast SEO plugin v27.5 - https:\/\/yoast.com\/product\/yoast-seo-wordpress\/ -->\n<title>Immobili\u00e0ria - Finques Badalona<\/title>\n<meta name=\"description\" content=\"Qu\u00e8 \u00e9s millor, vendre o llogar? T&#039;assessorem per a trobar la millor soluci\u00f3. Finques Badalona \u00e9s una ag\u00e8ncia immobili\u00e0ria especialitzada en el sector a Badalona.\" \/>\n<meta name=\"robots\" content=\"index, follow, max-snippet:-1, max-image-preview:large, max-video-preview:-1\" \/>\n<link rel=\"canonical\" href=\"https:\/\/finquesbadalona.com\/es\/immobiliaria\/\" \/>\n<meta property=\"og:locale\" content=\"es_ES\" \/>\n<meta property=\"og:type\" content=\"article\" \/>\n<meta property=\"og:title\" content=\"Immobili\u00e0ria - Finques Badalona\" \/>\n<meta property=\"og:description\" content=\"Qu\u00e8 \u00e9s millor, vendre o llogar? T&#039;assessorem per a trobar la millor soluci\u00f3. Finques Badalona \u00e9s una ag\u00e8ncia immobili\u00e0ria especialitzada en el sector a Badalona.\" \/>\n<meta property=\"og:url\" content=\"https:\/\/finquesbadalona.com\/es\/immobiliaria\/\" \/>\n<meta property=\"og:site_name\" content=\"Finques Badalona\" \/>\n<meta property=\"article:modified_time\" content=\"2024-05-24T16:25:57+00:00\" \/>\n<meta property=\"og:image\" content=\"https:\/\/finquesbadalona.com\/wp-content\/uploads\/2024\/04\/Immbiliaria_Finques-Badalona-e1715701164125.webp\" \/>\n<meta name=\"twitter:card\" content=\"summary_large_image\" \/>\n<meta name=\"twitter:label1\" content=\"Tiempo de lectura\" \/>\n\t<meta name=\"twitter:data1\" content=\"1 minuto\" \/>\n<script type=\"application\/ld+json\" class=\"yoast-schema-graph\">{\"@context\":\"https:\\\/\\\/schema.org\",\"@graph\":[{\"@type\":\"WebPage\",\"@id\":\"https:\\\/\\\/finquesbadalona.com\\\/immobiliaria\\\/\",\"url\":\"https:\\\/\\\/finquesbadalona.com\\\/immobiliaria\\\/\",\"name\":\"Immobili\u00e0ria - Finques Badalona\",\"isPartOf\":{\"@id\":\"https:\\\/\\\/finquesbadalona.com\\\/#website\"},\"primaryImageOfPage\":{\"@id\":\"https:\\\/\\\/finquesbadalona.com\\\/immobiliaria\\\/#primaryimage\"},\"image\":{\"@id\":\"https:\\\/\\\/finquesbadalona.com\\\/immobiliaria\\\/#primaryimage\"},\"thumbnailUrl\":\"https:\\\/\\\/finquesbadalona.com\\\/wp-content\\\/uploads\\\/2024\\\/04\\\/Immbiliaria_Finques-Badalona-e1715701164125.webp\",\"datePublished\":\"2024-04-02T18:42:55+00:00\",\"dateModified\":\"2024-05-24T16:25:57+00:00\",\"description\":\"Qu\u00e8 \u00e9s millor, vendre o llogar? T'assessorem per a trobar la millor soluci\u00f3. Finques Badalona \u00e9s una ag\u00e8ncia immobili\u00e0ria especialitzada en el sector a Badalona.\",\"breadcrumb\":{\"@id\":\"https:\\\/\\\/finquesbadalona.com\\\/immobiliaria\\\/#breadcrumb\"},\"inLanguage\":\"es\",\"potentialAction\":[{\"@type\":\"ReadAction\",\"target\":[\"https:\\\/\\\/finquesbadalona.com\\\/immobiliaria\\\/\"]}]},{\"@type\":\"ImageObject\",\"inLanguage\":\"es\",\"@id\":\"https:\\\/\\\/finquesbadalona.com\\\/immobiliaria\\\/#primaryimage\",\"url\":\"https:\\\/\\\/finquesbadalona.com\\\/wp-content\\\/uploads\\\/2024\\\/04\\\/Immbiliaria_Finques-Badalona-e1715701164125.webp\",\"contentUrl\":\"https:\\\/\\\/finquesbadalona.com\\\/wp-content\\\/uploads\\\/2024\\\/04\\\/Immbiliaria_Finques-Badalona-e1715701164125.webp\"},{\"@type\":\"BreadcrumbList\",\"@id\":\"https:\\\/\\\/finquesbadalona.com\\\/immobiliaria\\\/#breadcrumb\",\"itemListElement\":[{\"@type\":\"ListItem\",\"position\":1,\"name\":\"Portada\",\"item\":\"https:\\\/\\\/finquesbadalona.com\\\/\"},{\"@type\":\"ListItem\",\"position\":2,\"name\":\"Immobili\u00e0ria\"}]},{\"@type\":\"WebSite\",\"@id\":\"https:\\\/\\\/finquesbadalona.com\\\/#website\",\"url\":\"https:\\\/\\\/finquesbadalona.com\\\/\",\"name\":\"Finques Badalona\",\"description\":\"El teu administrador de finques de confian\u00e7a\",\"publisher\":{\"@id\":\"https:\\\/\\\/finquesbadalona.com\\\/#organization\"},\"alternateName\":\"Finques Badalona - Administradors de finques\",\"potentialAction\":[{\"@type\":\"SearchAction\",\"target\":{\"@type\":\"EntryPoint\",\"urlTemplate\":\"https:\\\/\\\/finquesbadalona.com\\\/?s={search_term_string}\"},\"query-input\":{\"@type\":\"PropertyValueSpecification\",\"valueRequired\":true,\"valueName\":\"search_term_string\"}}],\"inLanguage\":\"es\"},{\"@type\":\"Organization\",\"@id\":\"https:\\\/\\\/finquesbadalona.com\\\/#organization\",\"name\":\"Finques Badalona\",\"alternateName\":\"Finques Badalona - Administradors de finques\",\"url\":\"https:\\\/\\\/finquesbadalona.com\\\/\",\"logo\":{\"@type\":\"ImageObject\",\"inLanguage\":\"es\",\"@id\":\"https:\\\/\\\/finquesbadalona.com\\\/#\\\/schema\\\/logo\\\/image\\\/\",\"url\":\"https:\\\/\\\/finquesbadalona.com\\\/wp-content\\\/uploads\\\/2024\\\/03\\\/logo-verd.png\",\"contentUrl\":\"https:\\\/\\\/finquesbadalona.com\\\/wp-content\\\/uploads\\\/2024\\\/03\\\/logo-verd.png\",\"width\":397,\"height\":261,\"caption\":\"Finques Badalona\"},\"image\":{\"@id\":\"https:\\\/\\\/finquesbadalona.com\\\/#\\\/schema\\\/logo\\\/image\\\/\"},\"sameAs\":[\"https:\\\/\\\/www.instagram.com\\\/finquesbadalona\\\/\"]}]}<\/script>\n<!-- \/ Yoast SEO plugin. -->","yoast_head_json":{"title":"Inmobiliaria - Finques Badalona","description":"\u00bfQu\u00e9 es mejor, vender o alquilar? Te asesoramos para encontrar la mejor soluci\u00f3n. Finques Badalona es una agencia inmobiliaria especializada en el sector en Badalona.","robots":{"index":"index","follow":"follow","max-snippet":"max-snippet:-1","max-image-preview":"max-image-preview:large","max-video-preview":"max-video-preview:-1"},"canonical":"https:\/\/finquesbadalona.com\/es\/immobiliaria\/","og_locale":"es_ES","og_type":"article","og_title":"Immobili\u00e0ria - Finques Badalona","og_description":"Qu\u00e8 \u00e9s millor, vendre o llogar? T'assessorem per a trobar la millor soluci\u00f3. Finques Badalona \u00e9s una ag\u00e8ncia immobili\u00e0ria especialitzada en el sector a Badalona.","og_url":"https:\/\/finquesbadalona.com\/es\/immobiliaria\/","og_site_name":"Finques Badalona","article_modified_time":"2024-05-24T16:25:57+00:00","og_image":[{"url":"https:\/\/finquesbadalona.com\/wp-content\/uploads\/2024\/04\/Immbiliaria_Finques-Badalona-e1715701164125.webp","type":"","width":"","height":""}],"twitter_card":"summary_large_image","twitter_misc":{"Tiempo de lectura":"1 minuto"},"schema":{"@context":"https:\/\/schema.org","@graph":[{"@type":"WebPage","@id":"https:\/\/finquesbadalona.com\/immobiliaria\/","url":"https:\/\/finquesbadalona.com\/immobiliaria\/","name":"Inmobiliaria - Finques Badalona","isPartOf":{"@id":"https:\/\/finquesbadalona.com\/#website"},"primaryImageOfPage":{"@id":"https:\/\/finquesbadalona.com\/immobiliaria\/#primaryimage"},"image":{"@id":"https:\/\/finquesbadalona.com\/immobiliaria\/#primaryimage"},"thumbnailUrl":"https:\/\/finquesbadalona.com\/wp-content\/uploads\/2024\/04\/Immbiliaria_Finques-Badalona-e1715701164125.webp","datePublished":"2024-04-02T18:42:55+00:00","dateModified":"2024-05-24T16:25:57+00:00","description":"\u00bfQu\u00e9 es mejor, vender o alquilar? Te asesoramos para encontrar la mejor soluci\u00f3n. Finques Badalona es una agencia inmobiliaria especializada en el sector en Badalona.","breadcrumb":{"@id":"https:\/\/finquesbadalona.com\/immobiliaria\/#breadcrumb"},"inLanguage":"es","potentialAction":[{"@type":"ReadAction","target":["https:\/\/finquesbadalona.com\/immobiliaria\/"]}]},{"@type":"ImageObject","inLanguage":"es","@id":"https:\/\/finquesbadalona.com\/immobiliaria\/#primaryimage","url":"https:\/\/finquesbadalona.com\/wp-content\/uploads\/2024\/04\/Immbiliaria_Finques-Badalona-e1715701164125.webp","contentUrl":"https:\/\/finquesbadalona.com\/wp-content\/uploads\/2024\/04\/Immbiliaria_Finques-Badalona-e1715701164125.webp"},{"@type":"BreadcrumbList","@id":"https:\/\/finquesbadalona.com\/immobiliaria\/#breadcrumb","itemListElement":[{"@type":"ListItem","position":1,"name":"Portada","item":"https:\/\/finquesbadalona.com\/"},{"@type":"ListItem","position":2,"name":"Immobili\u00e0ria"}]},{"@type":"WebSite","@id":"https:\/\/finquesbadalona.com\/#website","url":"https:\/\/finquesbadalona.com\/","name":"Finques Badalona","description":"El teu administrador de finques de confian\u00e7a","publisher":{"@id":"https:\/\/finquesbadalona.com\/#organization"},"alternateName":"Finques Badalona - Administradors de finques","potentialAction":[{"@type":"SearchAction","target":{"@type":"EntryPoint","urlTemplate":"https:\/\/finquesbadalona.com\/?s={search_term_string}"},"query-input":{"@type":"PropertyValueSpecification","valueRequired":true,"valueName":"search_term_string"}}],"inLanguage":"es"},{"@type":"Organization","@id":"https:\/\/finquesbadalona.com\/#organization","name":"Finques Badalona","alternateName":"Finques Badalona - Administradors de finques","url":"https:\/\/finquesbadalona.com\/","logo":{"@type":"ImageObject","inLanguage":"es","@id":"https:\/\/finquesbadalona.com\/#\/schema\/logo\/image\/","url":"https:\/\/finquesbadalona.com\/wp-content\/uploads\/2024\/03\/logo-verd.png","contentUrl":"https:\/\/finquesbadalona.com\/wp-content\/uploads\/2024\/03\/logo-verd.png","width":397,"height":261,"caption":"Finques Badalona"},"image":{"@id":"https:\/\/finquesbadalona.com\/#\/schema\/logo\/image\/"},"sameAs":["https:\/\/www.instagram.com\/finquesbadalona\/"]}]}},"_links":{"self":[{"href":"https:\/\/finquesbadalona.com\/es\/wp-json\/wp\/v2\/pages\/882","targetHints":{"allow":["GET"]}}],"collection":[{"href":"https:\/\/finquesbadalona.com\/es\/wp-json\/wp\/v2\/pages"}],"about":[{"href":"https:\/\/finquesbadalona.com\/es\/wp-json\/wp\/v2\/types\/page"}],"author":[{"embeddable":true,"href":"https:\/\/finquesbadalona.com\/es\/wp-json\/wp\/v2\/users\/1"}],"replies":[{"embeddable":true,"href":"https:\/\/finquesbadalona.com\/es\/wp-json\/wp\/v2\/comments?post=882"}],"version-history":[{"count":20,"href":"https:\/\/finquesbadalona.com\/es\/wp-json\/wp\/v2\/pages\/882\/revisions"}],"predecessor-version":[{"id":1856,"href":"https:\/\/finquesbadalona.com\/es\/wp-json\/wp\/v2\/pages\/882\/revisions\/1856"}],"wp:attachment":[{"href":"https:\/\/finquesbadalona.com\/es\/wp-json\/wp\/v2\/media?parent=882"}],"curies":[{"name":"wp","href":"https:\/\/api.w.org\/{rel}","templated":true}]}}