{"id":780,"date":"2024-05-25T12:36:37","date_gmt":"2024-05-25T11:36:37","guid":{"rendered":"https:\/\/finquesbadalona.com\/?page_id=780"},"modified":"2024-05-28T10:28:29","modified_gmt":"2024-05-28T09:28:29","slug":"politica-cookies","status":"publish","type":"page","link":"https:\/\/finquesbadalona.com\/es\/politica-cookies\/","title":{"rendered":"Pol\u00edtica de cookies"},"content":{"rendered":"<div data-elementor-type=\"wp-page\" data-elementor-id=\"780\" class=\"elementor elementor-780\">\n\t\t\t\t\t\t<section class=\"elementor-section elementor-top-section elementor-element elementor-element-7dc34c8e elementor-section-boxed elementor-section-height-default elementor-section-height-default parallax_section_no qode_elementor_container_no\" data-id=\"7dc34c8e\" data-element_type=\"section\" data-e-type=\"section\">\n\t\t\t\t\t\t<div class=\"elementor-container elementor-column-gap-default\">\n\t\t\t\t\t<div class=\"elementor-column elementor-col-100 elementor-top-column elementor-element elementor-element-26c7737f\" data-id=\"26c7737f\" data-element_type=\"column\" data-e-type=\"column\">\n\t\t\t<div class=\"elementor-widget-wrap elementor-element-populated\">\n\t\t\t\t\t\t<div class=\"elementor-element elementor-element-39a6295a elementor-widget elementor-widget-text-editor\" data-id=\"39a6295a\" data-element_type=\"widget\" data-e-type=\"widget\" data-widget_type=\"text-editor.default\">\n\t\t\t\t<div class=\"elementor-widget-container\">\n\t\t\t\t\t\t\t\t\t<ul style=\"list-style: none;\">\n<li>\n<p><b><u>QU\u00c9 SON LAS COOKIES?<\/u><\/b><\/p>\n<\/li>\n<\/ul>\n<p class=\"western\" lang=\"es-ES\" align=\"justify\"><span lang=\"ca-ES\">Las cookies son peque\u00f1os archivos de datos que se reciben en el terminal desde el sitio web visitado y se usan para registrar ciertas interacciones de la navegaci\u00f3n en un sitio web almacenando datos que podr\u00e1n ser actualizados y recuperados. Estos archivos se almacenan en el ordenador del usuario y contiene datos an\u00f3nimos que no son perjudiciales para su equipo. Se utilizan para recordar las preferencias del usuario, como el idioma seleccionado, datos de acceso o personalizaci\u00f3n de la p\u00e1gina.<\/span><\/p>\n<p class=\"western\" lang=\"es-ES\" align=\"justify\"><span lang=\"ca-ES\">Las cookies tambi\u00e9n pueden ser utilizadas para registrar informaci\u00f3n an\u00f3nima sobre c\u00f3mo un visitante utiliza un sitio. Por ejemplo, desde qu\u00e9 p\u00e1gina web ha accedido, o si ha utilizado un \u00abbanner\u00bb publicitario para llegar.<\/span><\/p>\n<p class=\"western\" lang=\"es-ES\" align=\"justify\"><span lang=\"ca-ES\">&nbsp;<\/span><\/p>\n<ul style=\"list-style: none;\">\n<li>\n<p><b><u>POR QU\u00c9 UTILIZAMOS COOKIES?<\/u><\/b><\/p>\n<\/li>\n<\/ul>\n<p class=\"western\" lang=\"es-ES\" align=\"justify\"><span lang=\"ca-ES\"><b>ASSESORIA FINQUES BADALONA S.L.<\/b><\/span><span lang=\"ca-ES\">&nbsp;utiliza cookies estrictamente necesarias y esenciales para que utilice nuestros sitios web y le permitan mover libremente, utilizar \u00e1reas seguras, opciones personalizadas, etc. Adem\u00e1s,\u00a0&nbsp;<\/span><span lang=\"ca-ES\"><b>ASSESORIA FINQUES BADALONA S.L.<\/b><\/span><span lang=\"ca-ES\">&nbsp;utiliza cookies que recogen datos relativos al an\u00e1lisis de uso de la web. Estas se utilizan para ayudar a mejorar el servicio al cliente, midiendo el uso y el rendimiento de la p\u00e1gina, para optimizarla y personalizarla.<\/span><\/p>\n<p class=\"western\" lang=\"es-ES\" align=\"justify\"><a name=\"_GoBack\"><\/a><span lang=\"ca-ES\">Nuestros sitios tambi\u00e9n pueden tener enlaces de redes sociales (como Facebook o Twitter).&nbsp;<\/span><span lang=\"ca-ES\"><b>ASSESORIA FINQUES BADALONA S.L.<\/b><\/span><span lang=\"ca-ES\">&nbsp;no controla las cookies utilizadas por estas webs externas. Para m\u00e1s informaci\u00f3n sobre las cookies de las redes sociales u otras Webs ajenas, aconsejamos revisar sus propias pol\u00edticas de cookies.<\/span><\/p>\n<p class=\"western\" lang=\"es-ES\" align=\"justify\"><span lang=\"ca-ES\">Este sitio web utiliza \"cookies\" de la siguiente manera:<\/span><\/p>\n<p class=\"western\" lang=\"es-ES\" align=\"justify\"><span style=\"font-family: var( --e-global-typography-text-font-family ), Sans-serif;\">&nbsp;<\/span><\/p>\n<p class=\"western\" lang=\"es-ES\" align=\"justify\"><span style=\"font-family: var( --e-global-typography-text-font-family ), Sans-serif;\">Cookie de Google ANALYTICS: Google ANALYTICS es un servicio gratuito que ofrece Google Inc. y que recoge informaci\u00f3n sobre las p\u00e1ginas de la web consultada, a qu\u00e9 hora, qu\u00e9 navegador Web, etc. Posteriormente, esta informaci\u00f3n se env\u00eda a los servidores de Google Inc. en Estados Unidos.<\/span><\/p>\n<p class=\"western\" lang=\"es-ES\" align=\"justify\"><span style=\"font-family: var( --e-global-typography-text-font-family ), Sans-serif;\">&nbsp;<\/span><span style=\"font-family: var( --e-global-typography-text-font-family ), Sans-serif;\">&nbsp;<\/span><\/p>\n<ul style=\"list-style: none;\">\n<li>\n<p><b><u>QU\u00c9 USO LE DAMOS LOS DIFERENTES TIPOS DE COOKIES?<\/u><\/b><\/p>\n<\/li>\n<\/ul>\n<p class=\"western\" lang=\"es-ES\" align=\"justify\"><span lang=\"ca-ES\"><b>Seg\u00fan su finalidad:<\/b><\/span><\/p>\n<p class=\"western\" lang=\"es-ES\" align=\"justify\"><span lang=\"ca-ES\">&#8211;&nbsp;<b>Cookies t\u00e9cnicas:&nbsp;<\/b><\/span><span lang=\"ca-ES\">&nbsp;Las cookies t\u00e9cnicas son aquellas imprescindibles y estrictamente necesarios para el correcto funcionamiento de un portal web y la utilizaci\u00f3n de las diferentes opciones y servicios que ofrece. Por ejemplo, las que sirven para el mantenimiento de la sesi\u00f3n, la gesti\u00f3n del tiempo de respuesta, rendimiento o validaci\u00f3n de opciones, utilizar elementos de seguridad, compartir contenido con redes sociales, etc.<\/span><\/p>\n<p class=\"western\" lang=\"es-ES\" align=\"justify\"><span lang=\"ca-ES\">&#8211;&nbsp;<b>Cookies de personalizaci\u00f3n:\u00a0<\/b><\/span><span lang=\"ca-ES\">&nbsp;Estas cookies permiten al usuario especificar o personalizar algunas caracter\u00edsticas de las opciones generales de la p\u00e1gina web, por ejemplo, definir el idioma, configuraci\u00f3n regional o tipo de navegador.<\/span><\/p>\n<p class=\"western\" lang=\"es-ES\" align=\"justify\"><span lang=\"ca-ES\">&#8211;&nbsp;<b>Cookies anal\u00edticas:<\/b><\/span><span lang=\"ca-ES\">&nbsp;Las cookies anal\u00edticas son las utilizadas por nuestro portal web, para elaborar perfiles de navegaci\u00f3n y poder conocer las preferencias de los usuarios del mismo con el fin de mejorar la oferta de productos y servicios. Por ejemplo, mediante una cookie anal\u00edtica se controlar\u00edan las \u00e1reas geogr\u00e1ficas de mayor inter\u00e9s de un usuario, cu\u00e1l es el producto de m\u00e1s aceptaci\u00f3n, etc.<\/span><\/p>\n<p class=\"western\" lang=\"es-ES\" align=\"justify\"><span lang=\"ca-ES\">&#8211;&nbsp;<b>Cookies publicitarias \/ de publicidad:\u00a0<\/b><\/span><span lang=\"ca-ES\">&nbsp;Los cookies publicitarios permiten la gesti\u00f3n de los espacios publicitarios en base a criterios concretos. Por ejemplo la frecuencia de acceso, el contenido editado, etc. Las cookies de publicidad permiten a trav\u00e9s de la gesti\u00f3n de la publicidad almacenar informaci\u00f3n del comportamiento a trav\u00e9s de la observaci\u00f3n de h\u00e1bitos, estudiando los accesos y formando un perfil de preferencias del usuario, para ofrecer publicidad relacionada con los intereses de su perfil.<\/span><\/p>\n<p class=\"western\" lang=\"es-ES\" align=\"justify\"><span lang=\"ca-ES\"><b>Seg\u00fan plazo:\u00a0<\/b><\/span><\/p>\n<p class=\"western\" lang=\"es-ES\" align=\"justify\"><span lang=\"ca-ES\">&#8211;&nbsp;<b>Cookies de sesi\u00f3n:\u00a0<\/b><\/span><span lang=\"ca-ES\">&nbsp;Las cookies de sesi\u00f3n son aquellas que duran el tiempo que el usuario est\u00e1 navegando por la p\u00e1gina web y se borran al cabo.<\/span><\/p>\n<p class=\"western\" lang=\"es-ES\" align=\"justify\"><span lang=\"ca-ES\">&#8211;&nbsp;<b>Cookies persistentes:\u00a0<\/b><\/span><span lang=\"ca-ES\">&nbsp;Estas cookies quedan almacenadas en el terminal del usuario, por un tiempo m\u00e1s largo, facilitando as\u00ed el control de las preferencias elegidas sin tener que repetir ciertos par\u00e1metros cada vez que se visite el sitio web.<\/span><\/p><p class=\"western\" lang=\"es-ES\" align=\"justify\"><span lang=\"ca-ES\"><br><\/span><\/p>\n<ul style=\"list-style: none;\">\n<li>\n<p><b><u>Y SI NO QUIERO TENER ESTAS COOKIES O NO HAGO NADA AL RESPECTO?<\/u><\/b><\/p>\n<\/li>\n<\/ul>\n<p class=\"western\" lang=\"es-ES\" align=\"justify\"><span lang=\"ca-ES\">Para cumplir con la legislaci\u00f3n vigente, tenemos que pedir su permiso para gestionar cookies. Si decide no autorizar el tratamiento indicando la no conformidad, s\u00f3lo utilizar\u00edamos las cookies t\u00e9cnicas, ya que son imprescindibles para la navegaci\u00f3n por nuestra web. En este caso, no emmagatzemar\u00edem ninguna cookie. En el caso de seguir navegando por nuestro sitio web sin denegar su autorizaci\u00f3n implica que acepta su uso.<\/span><\/p>\n<p class=\"western\" lang=\"es-ES\" align=\"justify\"><span lang=\"ca-ES\">Tenga en cuenta que si rechaza o borra las cookies de navegaci\u00f3n por la Web, no podremos mantener sus preferencias, algunas caracter\u00edsticas de las p\u00e1ginas no estar\u00e1n operativas, no podremos ofrecerle servicios personalizados y cada vez que vaya a navegar por nuestra web tendremos que solicitar de nuevo su autorizaci\u00f3n para el uso de cookies.<\/span><\/p>\n<p class=\"western\" lang=\"es-ES\" align=\"justify\"><span lang=\"ca-ES\">Si a\u00fan as\u00ed, decide modificar la configuraci\u00f3n de su acceso a la p\u00e1gina web, debe saber que es posible eliminar las cookies o impedir que se registre esta informaci\u00f3n en su equipo en cualquier momento mediante la modificaci\u00f3n de los par\u00e1metros de configuraci\u00f3n de su navegador:<\/span><\/p>\n<p class=\"western\" lang=\"es-ES\" align=\"justify\">\n<\/p><p class=\"western\" lang=\"es-ES\" align=\"justify\"><span style=\"font-family: var( --e-global-typography-text-font-family ), Sans-serif;\">&#8211;&nbsp;<a href=\"https:\/\/support.microsoft.com\/es-es\/help\/17442\/windows-internet-explorer-delete-manage-cookies\"><span lang=\"es-ES-u-co-trad\">Configuraci\u00f3n de cookies de Internet Explorer.<\/span><\/a><\/span><\/p>\n<p class=\"western\" lang=\"es-ES\" align=\"justify\">\n<\/p><p class=\"western\" lang=\"es-ES\" align=\"justify\">&#8211;&nbsp;<a style=\"font-family: var( --e-global-typography-text-font-family ), Sans-serif;\" href=\"https:\/\/support.mozilla.org\/es\/kb\/habilitar-y-deshabilitar-cookies-sitios-web-rastrear-preferencias\"><span lang=\"es-ES-u-co-trad\">Configuraci\u00f3n de cookies de Firefox.<\/span><\/a><\/p>\n<p class=\"western\" lang=\"es-ES\" align=\"justify\">\n<\/p><p class=\"western\" lang=\"es-ES\" align=\"justify\">&#8211;&nbsp;<a style=\"font-family: var( --e-global-typography-text-font-family ), Sans-serif;\" href=\"https:\/\/support.google.com\/chrome\/answer\/95647?co=GENIE.Platform%3DDesktop&amp;hl=es-419\"><span lang=\"es-ES-u-co-trad\">Configuraci\u00f3n de cookies de Google Chrome.<\/span><\/a><\/p>\n<p class=\"western\" lang=\"es-ES\" align=\"justify\">\n<\/p><p class=\"western\" lang=\"es-ES\" align=\"justify\"><span style=\"font-family: var( --e-global-typography-text-font-family ), Sans-serif;\">&#8211;&nbsp;<a href=\"https:\/\/support.apple.com\/es-es\/guide\/safari\/sfri11471\/mac\"><span lang=\"es-ES-u-co-trad\">Configuraci\u00f3n de cookies de Safari.<\/span><\/a><\/span><\/p>\n<p class=\"western\" lang=\"es-ES\" align=\"justify\">\n<\/p><p class=\"western\" lang=\"es-ES\" align=\"justify\"><span lang=\"ca-ES\">Estos navegadores est\u00e1n sometidos a cambios o modificaciones, por lo que no podemos garantizar que se ajusten completamente a la versi\u00f3n de su navegador. Tambi\u00e9n puede ser que utilice otro navegador no contemplado en estos enlaces como Konqueror, Arora, Flock, etc. Para evitar estos desajustes, puede acceder directamente desde las opciones de su navegador que se encuentra generalmente en el men\u00fa de Opciones, en la secci\u00f3n de \u00abPrivacidad\u00bb. (Por favor, consulte la ayuda de su navegador para m\u00e1s informaci\u00f3n.)<\/span><\/p>\n<p class=\"western\" lang=\"es-ES\" align=\"justify\"><span lang=\"ca-ES\">&nbsp;<\/span><\/p>\n<ul style=\"list-style: none;\">\n<li>\n<p><b><u>DONDE PUEDO OBTENER M\u00c1S INFORMACI\u00d3N?<\/u><\/b><\/p>\n<\/li>\n<\/ul>\n<p class=\"western\" lang=\"es-ES\" align=\"justify\"><span lang=\"ca-ES\">Puedes encontrar m\u00e1s informaci\u00f3n sobre cookies en:<\/span><\/p>\n<p class=\"western\" lang=\"es-ES\" align=\"justify\">&#8211;&nbsp;<a href=\"http:\/\/www.allaboutcookies.org\/\" style=\"\"><span lang=\"es-ES-u-co-trad\" style=\"\">www.allaboutcookies.org<\/span><\/a><span lang=\"es-ES-u-co-trad\" style=\"\">&nbsp;<\/span><\/p>\n<p class=\"western\" lang=\"es-ES\" align=\"justify\"><span style=\"font-family: var( --e-global-typography-text-font-family ), Sans-serif;\">&#8211;&nbsp;<a href=\"http:\/\/www.youronlinechoices.eu\/\" style=\"\"><span lang=\"es-ES-u-co-trad\" style=\"\">www.youronlinechoices.eu.<\/span><\/a><\/span><\/p>\t\t\t\t\t\t\t\t<\/div>\n\t\t\t\t<\/div>\n\t\t\t\t\t<\/div>\n\t\t<\/div>\n\t\t\t\t\t<\/div>\n\t\t<\/section>\n\t\t\t\t<\/div>","protected":false},"excerpt":{"rendered":"<p>QU\u00c8 S\u00d3N LES COOKIES? Les cookies s\u00f3n petits arxius de dades que es reben en el terminal des del lloc web visitat i s\u2019usen per registrar certes interaccions de la navegaci\u00f3 en un lloc web emmagatzemant dades que podran ser actualitzats i recuperats. Aquests arxius&#8230;<\/p>","protected":false},"author":1,"featured_media":0,"parent":0,"menu_order":0,"comment_status":"closed","ping_status":"closed","template":"","meta":{"footnotes":""},"class_list":["post-780","page","type-page","status-publish","hentry"],"yoast_head":"<!-- This site is optimized with the Yoast SEO plugin v27.3 - https:\/\/yoast.com\/product\/yoast-seo-wordpress\/ -->\n<title>Pol\u00edtica de cookies - Finques Badalona<\/title>\n<meta name=\"description\" content=\"Finques Badalona \u00e9s una Administraci\u00f3 de finques que ofereix un ampli ventall de serveis a les comunitats de ve\u00efns.\" \/>\n<meta name=\"robots\" content=\"index, follow, max-snippet:-1, max-image-preview:large, max-video-preview:-1\" \/>\n<link rel=\"canonical\" href=\"https:\/\/finquesbadalona.com\/es\/politica-cookies\/\" \/>\n<meta property=\"og:locale\" content=\"es_ES\" \/>\n<meta property=\"og:type\" content=\"article\" \/>\n<meta property=\"og:title\" content=\"Pol\u00edtica de cookies - Finques Badalona\" \/>\n<meta property=\"og:description\" content=\"Finques Badalona \u00e9s una Administraci\u00f3 de finques que ofereix un ampli ventall de serveis a les comunitats de ve\u00efns.\" \/>\n<meta property=\"og:url\" content=\"https:\/\/finquesbadalona.com\/es\/politica-cookies\/\" \/>\n<meta property=\"og:site_name\" content=\"Finques Badalona\" \/>\n<meta property=\"article:modified_time\" content=\"2024-05-28T09:28:29+00:00\" \/>\n<meta property=\"og:image\" content=\"https:\/\/finquesbadalona.com\/wp-content\/uploads\/2024\/03\/logo-verd.png\" \/>\n\t<meta property=\"og:image:width\" content=\"397\" \/>\n\t<meta property=\"og:image:height\" content=\"261\" \/>\n\t<meta property=\"og:image:type\" content=\"image\/png\" \/>\n<meta name=\"twitter:card\" content=\"summary_large_image\" \/>\n<meta name=\"twitter:label1\" content=\"Tiempo de lectura\" \/>\n\t<meta name=\"twitter:data1\" content=\"5 minutos\" \/>\n<script type=\"application\/ld+json\" class=\"yoast-schema-graph\">{\"@context\":\"https:\\\/\\\/schema.org\",\"@graph\":[{\"@type\":\"WebPage\",\"@id\":\"https:\\\/\\\/finquesbadalona.com\\\/politica-cookies\\\/\",\"url\":\"https:\\\/\\\/finquesbadalona.com\\\/politica-cookies\\\/\",\"name\":\"Pol\u00edtica de cookies - Finques Badalona\",\"isPartOf\":{\"@id\":\"https:\\\/\\\/finquesbadalona.com\\\/#website\"},\"datePublished\":\"2024-05-25T11:36:37+00:00\",\"dateModified\":\"2024-05-28T09:28:29+00:00\",\"description\":\"Finques Badalona \u00e9s una Administraci\u00f3 de finques que ofereix un ampli ventall de serveis a les comunitats de ve\u00efns.\",\"breadcrumb\":{\"@id\":\"https:\\\/\\\/finquesbadalona.com\\\/politica-cookies\\\/#breadcrumb\"},\"inLanguage\":\"es\",\"potentialAction\":[{\"@type\":\"ReadAction\",\"target\":[\"https:\\\/\\\/finquesbadalona.com\\\/politica-cookies\\\/\"]}]},{\"@type\":\"BreadcrumbList\",\"@id\":\"https:\\\/\\\/finquesbadalona.com\\\/politica-cookies\\\/#breadcrumb\",\"itemListElement\":[{\"@type\":\"ListItem\",\"position\":1,\"name\":\"Portada\",\"item\":\"https:\\\/\\\/finquesbadalona.com\\\/\"},{\"@type\":\"ListItem\",\"position\":2,\"name\":\"Pol\u00edtica de cookies\"}]},{\"@type\":\"WebSite\",\"@id\":\"https:\\\/\\\/finquesbadalona.com\\\/#website\",\"url\":\"https:\\\/\\\/finquesbadalona.com\\\/\",\"name\":\"Finques Badalona\",\"description\":\"El teu administrador de finques de confian\u00e7a\",\"publisher\":{\"@id\":\"https:\\\/\\\/finquesbadalona.com\\\/#organization\"},\"alternateName\":\"Finques Badalona - Administradors de finques\",\"potentialAction\":[{\"@type\":\"SearchAction\",\"target\":{\"@type\":\"EntryPoint\",\"urlTemplate\":\"https:\\\/\\\/finquesbadalona.com\\\/?s={search_term_string}\"},\"query-input\":{\"@type\":\"PropertyValueSpecification\",\"valueRequired\":true,\"valueName\":\"search_term_string\"}}],\"inLanguage\":\"es\"},{\"@type\":\"Organization\",\"@id\":\"https:\\\/\\\/finquesbadalona.com\\\/#organization\",\"name\":\"Finques Badalona\",\"alternateName\":\"Finques Badalona - Administradors de finques\",\"url\":\"https:\\\/\\\/finquesbadalona.com\\\/\",\"logo\":{\"@type\":\"ImageObject\",\"inLanguage\":\"es\",\"@id\":\"https:\\\/\\\/finquesbadalona.com\\\/#\\\/schema\\\/logo\\\/image\\\/\",\"url\":\"https:\\\/\\\/finquesbadalona.com\\\/wp-content\\\/uploads\\\/2024\\\/03\\\/logo-verd.png\",\"contentUrl\":\"https:\\\/\\\/finquesbadalona.com\\\/wp-content\\\/uploads\\\/2024\\\/03\\\/logo-verd.png\",\"width\":397,\"height\":261,\"caption\":\"Finques Badalona\"},\"image\":{\"@id\":\"https:\\\/\\\/finquesbadalona.com\\\/#\\\/schema\\\/logo\\\/image\\\/\"},\"sameAs\":[\"https:\\\/\\\/www.instagram.com\\\/finquesbadalona\\\/\"]}]}<\/script>\n<!-- \/ Yoast SEO plugin. -->","yoast_head_json":{"title":"Pol\u00edtica de cookies - Finques Badalona","description":"Finques Badalona es una Administraci\u00f3n de fincas que ofrece un amplio abanico de servicios a las comunidades de vecinos.","robots":{"index":"index","follow":"follow","max-snippet":"max-snippet:-1","max-image-preview":"max-image-preview:large","max-video-preview":"max-video-preview:-1"},"canonical":"https:\/\/finquesbadalona.com\/es\/politica-cookies\/","og_locale":"es_ES","og_type":"article","og_title":"Pol\u00edtica de cookies - Finques Badalona","og_description":"Finques Badalona \u00e9s una Administraci\u00f3 de finques que ofereix un ampli ventall de serveis a les comunitats de ve\u00efns.","og_url":"https:\/\/finquesbadalona.com\/es\/politica-cookies\/","og_site_name":"Finques Badalona","article_modified_time":"2024-05-28T09:28:29+00:00","og_image":[{"width":397,"height":261,"url":"https:\/\/finquesbadalona.com\/wp-content\/uploads\/2024\/03\/logo-verd.png","type":"image\/png"}],"twitter_card":"summary_large_image","twitter_misc":{"Tiempo de lectura":"5 minutos"},"schema":{"@context":"https:\/\/schema.org","@graph":[{"@type":"WebPage","@id":"https:\/\/finquesbadalona.com\/politica-cookies\/","url":"https:\/\/finquesbadalona.com\/politica-cookies\/","name":"Pol\u00edtica de cookies - Finques Badalona","isPartOf":{"@id":"https:\/\/finquesbadalona.com\/#website"},"datePublished":"2024-05-25T11:36:37+00:00","dateModified":"2024-05-28T09:28:29+00:00","description":"Finques Badalona es una Administraci\u00f3n de fincas que ofrece un amplio abanico de servicios a las comunidades de vecinos.","breadcrumb":{"@id":"https:\/\/finquesbadalona.com\/politica-cookies\/#breadcrumb"},"inLanguage":"es","potentialAction":[{"@type":"ReadAction","target":["https:\/\/finquesbadalona.com\/politica-cookies\/"]}]},{"@type":"BreadcrumbList","@id":"https:\/\/finquesbadalona.com\/politica-cookies\/#breadcrumb","itemListElement":[{"@type":"ListItem","position":1,"name":"Portada","item":"https:\/\/finquesbadalona.com\/"},{"@type":"ListItem","position":2,"name":"Pol\u00edtica de cookies"}]},{"@type":"WebSite","@id":"https:\/\/finquesbadalona.com\/#website","url":"https:\/\/finquesbadalona.com\/","name":"Finques Badalona","description":"El teu administrador de finques de confian\u00e7a","publisher":{"@id":"https:\/\/finquesbadalona.com\/#organization"},"alternateName":"Finques Badalona - Administradors de finques","potentialAction":[{"@type":"SearchAction","target":{"@type":"EntryPoint","urlTemplate":"https:\/\/finquesbadalona.com\/?s={search_term_string}"},"query-input":{"@type":"PropertyValueSpecification","valueRequired":true,"valueName":"search_term_string"}}],"inLanguage":"es"},{"@type":"Organization","@id":"https:\/\/finquesbadalona.com\/#organization","name":"Finques Badalona","alternateName":"Finques Badalona - Administradors de finques","url":"https:\/\/finquesbadalona.com\/","logo":{"@type":"ImageObject","inLanguage":"es","@id":"https:\/\/finquesbadalona.com\/#\/schema\/logo\/image\/","url":"https:\/\/finquesbadalona.com\/wp-content\/uploads\/2024\/03\/logo-verd.png","contentUrl":"https:\/\/finquesbadalona.com\/wp-content\/uploads\/2024\/03\/logo-verd.png","width":397,"height":261,"caption":"Finques Badalona"},"image":{"@id":"https:\/\/finquesbadalona.com\/#\/schema\/logo\/image\/"},"sameAs":["https:\/\/www.instagram.com\/finquesbadalona\/"]}]}},"_links":{"self":[{"href":"https:\/\/finquesbadalona.com\/es\/wp-json\/wp\/v2\/pages\/780","targetHints":{"allow":["GET"]}}],"collection":[{"href":"https:\/\/finquesbadalona.com\/es\/wp-json\/wp\/v2\/pages"}],"about":[{"href":"https:\/\/finquesbadalona.com\/es\/wp-json\/wp\/v2\/types\/page"}],"author":[{"embeddable":true,"href":"https:\/\/finquesbadalona.com\/es\/wp-json\/wp\/v2\/users\/1"}],"replies":[{"embeddable":true,"href":"https:\/\/finquesbadalona.com\/es\/wp-json\/wp\/v2\/comments?post=780"}],"version-history":[{"count":25,"href":"https:\/\/finquesbadalona.com\/es\/wp-json\/wp\/v2\/pages\/780\/revisions"}],"predecessor-version":[{"id":1807,"href":"https:\/\/finquesbadalona.com\/es\/wp-json\/wp\/v2\/pages\/780\/revisions\/1807"}],"wp:attachment":[{"href":"https:\/\/finquesbadalona.com\/es\/wp-json\/wp\/v2\/media?parent=780"}],"curies":[{"name":"wp","href":"https:\/\/api.w.org\/{rel}","templated":true}]}}