{"id":751,"date":"2024-05-25T12:21:39","date_gmt":"2024-05-25T11:21:39","guid":{"rendered":"https:\/\/finquesbadalona.com\/?page_id=751"},"modified":"2024-05-28T10:27:28","modified_gmt":"2024-05-28T09:27:28","slug":"avis-legal","status":"publish","type":"page","link":"https:\/\/finquesbadalona.com\/es\/aviso-legal\/","title":{"rendered":"Aviso legal"},"content":{"rendered":"<div data-elementor-type=\"wp-page\" data-elementor-id=\"751\" class=\"elementor elementor-751\">\n\t\t\t\t\t\t<section class=\"elementor-section elementor-top-section elementor-element elementor-element-7dc34c8e elementor-section-boxed elementor-section-height-default elementor-section-height-default parallax_section_no qode_elementor_container_no\" data-id=\"7dc34c8e\" data-element_type=\"section\" data-e-type=\"section\">\n\t\t\t\t\t\t<div class=\"elementor-container elementor-column-gap-default\">\n\t\t\t\t\t<div class=\"elementor-column elementor-col-100 elementor-top-column elementor-element elementor-element-26c7737f\" data-id=\"26c7737f\" data-element_type=\"column\" data-e-type=\"column\">\n\t\t\t<div class=\"elementor-widget-wrap elementor-element-populated\">\n\t\t\t\t\t\t<div class=\"elementor-element elementor-element-39a6295a elementor-widget elementor-widget-text-editor\" data-id=\"39a6295a\" data-element_type=\"widget\" data-e-type=\"widget\" data-widget_type=\"text-editor.default\">\n\t\t\t\t<div class=\"elementor-widget-container\">\n\t\t\t\t\t\t\t\t\t<p><b><u>INFORMACI\u00d3N CORPORATIVA<\/u><\/b><\/p>\n<p align=\"justify\">En cumplimiento de la Ley 34\/2002, de 11 de julio, de servicios de la sociedad de la informaci\u00f3n y de comercio electr\u00f3nico,&nbsp;<b>ASSESORIA FINQUES BADALONA S.L.,<\/b>&nbsp;le informa que es titular de los sitios web:&nbsp;<b>www.finquesbadalona.com,<\/b>&nbsp;de acuerdo con la exigencia del art\u00edculo 10 de la mencionada Ley,<b>&nbsp;ASSESORIA FINQUES BADALONA S.L.,&nbsp;<\/b>notifica los siguientes datos: el titular de esta p\u00e1gina web es\u00a0&nbsp;<b>ASSESORIA FINQUES BADALONA S.L.,<\/b>&nbsp;con CIF\/NIF:&nbsp;<b>B62374087<\/b><b>&nbsp;<\/b>y Domicilio Social:&nbsp;<b>LAIET\u00c0NIA, 17<\/b>, C\u00f3digo Postal:&nbsp;<b>08911<\/b>. Localidad:&nbsp;<b>BADALONA<\/b>, Prov\u00edncia:&nbsp;<b>BARCELONA<\/b>. La direcci\u00f3n de correo electr\u00f3nico de contacto con la empresa es:&nbsp;<a href=\"mailto:info@finquesbadalona.com\"><u>info@finquesbadalona.com<\/u><\/a><\/p><p align=\"justify\"><br><\/p>\n<p align=\"justify\">\n<\/p><p align=\"justify\"><b><u>USUARIO Y R\u00c9GIMEN DE RESPONSABILIDADES<\/u><\/b><\/p>\n<p align=\"justify\">La navegaci\u00f3n por acceso y uso de la p\u00e1gina web y todos los subdominios y directorios incluidos bajo la misma, as\u00ed como los servicios o contenidos que a trav\u00e9s de \u00e9l se puedan obtener y todos los portales de dominio propio bajo titularidad de\u00a0<b>ASSESORIA FINQUES BADALONA S.L.<\/b><b>,<\/b>&nbsp;otorga la condici\u00f3n de\u00a0<b>Usuario<\/b>, por la que se aceptan, al navegar por la p\u00e1gina de\u00a0<b>ASSESORIA FINQUES BADALONA S.L.<\/b><b>,<\/b>&nbsp;todas las condiciones de uso que se establecen aqu\u00ed sin perjudicar la aplicaci\u00f3n de la correspondiente normativa de obligado cumplimiento legal seg\u00fan el caso.<\/p><p align=\"justify\"><br><\/p>\n<p align=\"justify\">\n<\/p><p align=\"justify\">Por ello, si las consideraciones detalladas en este Aviso Legal no son de su conformidad, rogamos no haga uso del Portal, ya que cualquier uso que haga del mismo o de los servicios y contenidos en \u00e9l incluidos implicar\u00e1 la aceptaci\u00f3n de los t\u00e9rminos legales recogidos en este texto.<\/p><p align=\"justify\"><br><\/p>\n<p align=\"justify\">\n<\/p><p align=\"justify\">La p\u00e1gina web de\u00a0<b>ASSESORIA FINQUES BADALONA S.L.,<\/b>&nbsp;proporcionan gran diversidad de informaci\u00f3n, servicios y datos. El\u00a0<b>Usuario<\/b>&nbsp;asume su responsabilidad en el uso correcto de los sitios web. Esta responsabilidad se extender\u00e1 a: La veracidad y licitud de las informaciones aportadas por el\u00a0<b>Usuario<\/b>&nbsp;en los formularios emitidos por\u00a0<b>&nbsp;ASSESORIA FINQUES BADALONA S.L.,<\/b>&nbsp;para acceder a determinados contenidos o servicios ofrecidos por la web.<\/p><p align=\"justify\"><br><\/p>\n<p align=\"justify\">\n<\/p><p align=\"justify\">El uso de la informaci\u00f3n, servicios y datos ofrecidos por&nbsp;<b>ASSESORIA FINQUES BADALONA S.L.,&nbsp;<\/b>no ir\u00e1n contra las disposiciones de estas condiciones, la Ley, la moral, las buenas costumbres o el orden p\u00fablico o que, en otro caso, puedan suponer lesi\u00f3n de los derechos de terceros o del funcionamiento de los sitios web.<\/p>\n<p align=\"justify\">\n<\/p><p align=\"justify\">A tal efecto, el\u00a0<b>Usuario<\/b>&nbsp;se abstendr\u00e1 de utilizar cualquiera de los contenidos con fines o efectos il\u00edcitos, prohibidos en este texto, lesivos de los derechos e intereses de terceros, o que de cualquier forma puedan da\u00f1ar, inutilizar, sobrecargar, deteriorar o impedir la normal utilizaci\u00f3n de los contenidos, otros&nbsp;<b>Usuarios<\/b>&nbsp;o de qualquier\u00a0&nbsp;<b>Usuario<\/b>&nbsp;de Internet (hardware y software).<\/p><p align=\"justify\"><br><\/p>\n<p align=\"justify\">\n<\/p><p align=\"justify\">Los\u00a0&nbsp;<b>Usuarios<\/b> responder\u00e1n de los da\u00f1os y perjuicios de toda naturaleza que la empresa propietaria de la web pueda sufrir, directa o indirectamente, como consecuencia de incumplimiento de cualquiera de las obligaciones derivadas del uso de la Web y de esta pol\u00edtica de privacidad.<\/p><p align=\"justify\"><br><\/p>\n<p align=\"justify\">\n<\/p><p align=\"justify\">En particular, ya t\u00edtulo meramente indicativo y no exhaustivo, el\u00a0<b>Usuario<\/b>&nbsp;se compromete a no transmitir, difundir o poner a disposici\u00f3n de terceros informaciones, datos, contenidos, mensajes, gr\u00e1ficos, dibujos, archivos de sonido y \/ o imagen, fotograf\u00edas de la web.<\/p>\t\t\t\t\t\t\t\t<\/div>\n\t\t\t\t<\/div>\n\t\t\t\t\t<\/div>\n\t\t<\/div>\n\t\t\t\t\t<\/div>\n\t\t<\/section>\n\t\t\t\t<\/div>","protected":false},"excerpt":{"rendered":"<p>INFORMACI\u00d3 CORPORATIVA En compliment de la Llei 34\/2002, d\u201911 de juliol, de serveis de la societat de la informaci\u00f3 i de comer\u00e7 electr\u00f2nic,&nbsp;ASSESORIA FINQUES BADALONA S.L.,&nbsp;l\u2019informa que \u00e9s titular dels llocs web:&nbsp;www.finquesbadalona.com,&nbsp;d\u2019acord amb l\u2019exig\u00e8ncia de l\u2019article 10 de l\u2019esmentada Llei,&nbsp;ASSESORIA FINQUES BADALONA S.L.,&nbsp;notifica les dades&#8230;<\/p>","protected":false},"author":1,"featured_media":0,"parent":0,"menu_order":0,"comment_status":"closed","ping_status":"closed","template":"","meta":{"footnotes":""},"class_list":["post-751","page","type-page","status-publish","hentry"],"yoast_head":"<!-- This site is optimized with the Yoast SEO plugin v27.3 - https:\/\/yoast.com\/product\/yoast-seo-wordpress\/ -->\n<title>Av\u00eds legal - Finques Badalona<\/title>\n<meta name=\"description\" content=\"Finques Badalona \u00e9s una Administraci\u00f3 de finques que ofereix un ampli ventall de serveis a les comunitats de ve\u00efns.\" \/>\n<meta name=\"robots\" content=\"index, follow, max-snippet:-1, max-image-preview:large, max-video-preview:-1\" \/>\n<link rel=\"canonical\" href=\"https:\/\/finquesbadalona.com\/es\/avis-legal\/\" \/>\n<meta property=\"og:locale\" content=\"es_ES\" \/>\n<meta property=\"og:type\" content=\"article\" \/>\n<meta property=\"og:title\" content=\"Av\u00eds legal - Finques Badalona\" \/>\n<meta property=\"og:description\" content=\"Finques Badalona \u00e9s una Administraci\u00f3 de finques que ofereix un ampli ventall de serveis a les comunitats de ve\u00efns.\" \/>\n<meta property=\"og:url\" content=\"https:\/\/finquesbadalona.com\/es\/avis-legal\/\" \/>\n<meta property=\"og:site_name\" content=\"Finques Badalona\" \/>\n<meta property=\"article:modified_time\" content=\"2024-05-28T09:27:28+00:00\" \/>\n<meta property=\"og:image\" content=\"https:\/\/finquesbadalona.com\/wp-content\/uploads\/2024\/03\/logo-verd.png\" \/>\n\t<meta property=\"og:image:width\" content=\"397\" \/>\n\t<meta property=\"og:image:height\" content=\"261\" \/>\n\t<meta property=\"og:image:type\" content=\"image\/png\" \/>\n<meta name=\"twitter:card\" content=\"summary_large_image\" \/>\n<meta name=\"twitter:label1\" content=\"Tiempo de lectura\" \/>\n\t<meta name=\"twitter:data1\" content=\"3 minutos\" \/>\n<script type=\"application\/ld+json\" class=\"yoast-schema-graph\">{\"@context\":\"https:\\\/\\\/schema.org\",\"@graph\":[{\"@type\":\"WebPage\",\"@id\":\"https:\\\/\\\/finquesbadalona.com\\\/avis-legal\\\/\",\"url\":\"https:\\\/\\\/finquesbadalona.com\\\/avis-legal\\\/\",\"name\":\"Av\u00eds legal - Finques Badalona\",\"isPartOf\":{\"@id\":\"https:\\\/\\\/finquesbadalona.com\\\/#website\"},\"datePublished\":\"2024-05-25T11:21:39+00:00\",\"dateModified\":\"2024-05-28T09:27:28+00:00\",\"description\":\"Finques Badalona \u00e9s una Administraci\u00f3 de finques que ofereix un ampli ventall de serveis a les comunitats de ve\u00efns.\",\"breadcrumb\":{\"@id\":\"https:\\\/\\\/finquesbadalona.com\\\/avis-legal\\\/#breadcrumb\"},\"inLanguage\":\"es\",\"potentialAction\":[{\"@type\":\"ReadAction\",\"target\":[\"https:\\\/\\\/finquesbadalona.com\\\/avis-legal\\\/\"]}]},{\"@type\":\"BreadcrumbList\",\"@id\":\"https:\\\/\\\/finquesbadalona.com\\\/avis-legal\\\/#breadcrumb\",\"itemListElement\":[{\"@type\":\"ListItem\",\"position\":1,\"name\":\"Portada\",\"item\":\"https:\\\/\\\/finquesbadalona.com\\\/\"},{\"@type\":\"ListItem\",\"position\":2,\"name\":\"Av\u00eds legal\"}]},{\"@type\":\"WebSite\",\"@id\":\"https:\\\/\\\/finquesbadalona.com\\\/#website\",\"url\":\"https:\\\/\\\/finquesbadalona.com\\\/\",\"name\":\"Finques Badalona\",\"description\":\"El teu administrador de finques de confian\u00e7a\",\"publisher\":{\"@id\":\"https:\\\/\\\/finquesbadalona.com\\\/#organization\"},\"alternateName\":\"Finques Badalona - Administradors de finques\",\"potentialAction\":[{\"@type\":\"SearchAction\",\"target\":{\"@type\":\"EntryPoint\",\"urlTemplate\":\"https:\\\/\\\/finquesbadalona.com\\\/?s={search_term_string}\"},\"query-input\":{\"@type\":\"PropertyValueSpecification\",\"valueRequired\":true,\"valueName\":\"search_term_string\"}}],\"inLanguage\":\"es\"},{\"@type\":\"Organization\",\"@id\":\"https:\\\/\\\/finquesbadalona.com\\\/#organization\",\"name\":\"Finques Badalona\",\"alternateName\":\"Finques Badalona - Administradors de finques\",\"url\":\"https:\\\/\\\/finquesbadalona.com\\\/\",\"logo\":{\"@type\":\"ImageObject\",\"inLanguage\":\"es\",\"@id\":\"https:\\\/\\\/finquesbadalona.com\\\/#\\\/schema\\\/logo\\\/image\\\/\",\"url\":\"https:\\\/\\\/finquesbadalona.com\\\/wp-content\\\/uploads\\\/2024\\\/03\\\/logo-verd.png\",\"contentUrl\":\"https:\\\/\\\/finquesbadalona.com\\\/wp-content\\\/uploads\\\/2024\\\/03\\\/logo-verd.png\",\"width\":397,\"height\":261,\"caption\":\"Finques Badalona\"},\"image\":{\"@id\":\"https:\\\/\\\/finquesbadalona.com\\\/#\\\/schema\\\/logo\\\/image\\\/\"},\"sameAs\":[\"https:\\\/\\\/www.instagram.com\\\/finquesbadalona\\\/\"]}]}<\/script>\n<!-- \/ Yoast SEO plugin. -->","yoast_head_json":{"title":"Aviso legal - Finques Badalona","description":"Finques Badalona es una Administraci\u00f3n de fincas que ofrece un amplio abanico de servicios a las comunidades de vecinos.","robots":{"index":"index","follow":"follow","max-snippet":"max-snippet:-1","max-image-preview":"max-image-preview:large","max-video-preview":"max-video-preview:-1"},"canonical":"https:\/\/finquesbadalona.com\/es\/avis-legal\/","og_locale":"es_ES","og_type":"article","og_title":"Av\u00eds legal - Finques Badalona","og_description":"Finques Badalona \u00e9s una Administraci\u00f3 de finques que ofereix un ampli ventall de serveis a les comunitats de ve\u00efns.","og_url":"https:\/\/finquesbadalona.com\/es\/avis-legal\/","og_site_name":"Finques Badalona","article_modified_time":"2024-05-28T09:27:28+00:00","og_image":[{"width":397,"height":261,"url":"https:\/\/finquesbadalona.com\/wp-content\/uploads\/2024\/03\/logo-verd.png","type":"image\/png"}],"twitter_card":"summary_large_image","twitter_misc":{"Tiempo de lectura":"3 minutos"},"schema":{"@context":"https:\/\/schema.org","@graph":[{"@type":"WebPage","@id":"https:\/\/finquesbadalona.com\/avis-legal\/","url":"https:\/\/finquesbadalona.com\/avis-legal\/","name":"Aviso legal - Finques Badalona","isPartOf":{"@id":"https:\/\/finquesbadalona.com\/#website"},"datePublished":"2024-05-25T11:21:39+00:00","dateModified":"2024-05-28T09:27:28+00:00","description":"Finques Badalona es una Administraci\u00f3n de fincas que ofrece un amplio abanico de servicios a las comunidades de vecinos.","breadcrumb":{"@id":"https:\/\/finquesbadalona.com\/avis-legal\/#breadcrumb"},"inLanguage":"es","potentialAction":[{"@type":"ReadAction","target":["https:\/\/finquesbadalona.com\/avis-legal\/"]}]},{"@type":"BreadcrumbList","@id":"https:\/\/finquesbadalona.com\/avis-legal\/#breadcrumb","itemListElement":[{"@type":"ListItem","position":1,"name":"Portada","item":"https:\/\/finquesbadalona.com\/"},{"@type":"ListItem","position":2,"name":"Av\u00eds legal"}]},{"@type":"WebSite","@id":"https:\/\/finquesbadalona.com\/#website","url":"https:\/\/finquesbadalona.com\/","name":"Finques Badalona","description":"El teu administrador de finques de confian\u00e7a","publisher":{"@id":"https:\/\/finquesbadalona.com\/#organization"},"alternateName":"Finques Badalona - Administradors de finques","potentialAction":[{"@type":"SearchAction","target":{"@type":"EntryPoint","urlTemplate":"https:\/\/finquesbadalona.com\/?s={search_term_string}"},"query-input":{"@type":"PropertyValueSpecification","valueRequired":true,"valueName":"search_term_string"}}],"inLanguage":"es"},{"@type":"Organization","@id":"https:\/\/finquesbadalona.com\/#organization","name":"Finques Badalona","alternateName":"Finques Badalona - Administradors de finques","url":"https:\/\/finquesbadalona.com\/","logo":{"@type":"ImageObject","inLanguage":"es","@id":"https:\/\/finquesbadalona.com\/#\/schema\/logo\/image\/","url":"https:\/\/finquesbadalona.com\/wp-content\/uploads\/2024\/03\/logo-verd.png","contentUrl":"https:\/\/finquesbadalona.com\/wp-content\/uploads\/2024\/03\/logo-verd.png","width":397,"height":261,"caption":"Finques Badalona"},"image":{"@id":"https:\/\/finquesbadalona.com\/#\/schema\/logo\/image\/"},"sameAs":["https:\/\/www.instagram.com\/finquesbadalona\/"]}]}},"_links":{"self":[{"href":"https:\/\/finquesbadalona.com\/es\/wp-json\/wp\/v2\/pages\/751","targetHints":{"allow":["GET"]}}],"collection":[{"href":"https:\/\/finquesbadalona.com\/es\/wp-json\/wp\/v2\/pages"}],"about":[{"href":"https:\/\/finquesbadalona.com\/es\/wp-json\/wp\/v2\/types\/page"}],"author":[{"embeddable":true,"href":"https:\/\/finquesbadalona.com\/es\/wp-json\/wp\/v2\/users\/1"}],"replies":[{"embeddable":true,"href":"https:\/\/finquesbadalona.com\/es\/wp-json\/wp\/v2\/comments?post=751"}],"version-history":[{"count":40,"href":"https:\/\/finquesbadalona.com\/es\/wp-json\/wp\/v2\/pages\/751\/revisions"}],"predecessor-version":[{"id":1804,"href":"https:\/\/finquesbadalona.com\/es\/wp-json\/wp\/v2\/pages\/751\/revisions\/1804"}],"wp:attachment":[{"href":"https:\/\/finquesbadalona.com\/es\/wp-json\/wp\/v2\/media?parent=751"}],"curies":[{"name":"wp","href":"https:\/\/api.w.org\/{rel}","templated":true}]}}