{"id":576,"date":"2024-05-10T10:35:35","date_gmt":"2024-05-10T09:35:35","guid":{"rendered":"https:\/\/bridge419.qodeinteractive.com\/?page_id=3"},"modified":"2024-05-28T10:28:37","modified_gmt":"2024-05-28T09:28:37","slug":"politica-privacitat","status":"publish","type":"page","link":"https:\/\/finquesbadalona.com\/es\/politica-privacidad\/","title":{"rendered":"Pol\u00edtica de privacidad"},"content":{"rendered":"<div data-elementor-type=\"wp-page\" data-elementor-id=\"576\" class=\"elementor elementor-576\">\n\t\t\t\t\t\t<section class=\"elementor-section elementor-top-section elementor-element elementor-element-7dc34c8e elementor-section-boxed elementor-section-height-default elementor-section-height-default parallax_section_no qode_elementor_container_no\" data-id=\"7dc34c8e\" data-element_type=\"section\" data-e-type=\"section\">\n\t\t\t\t\t\t<div class=\"elementor-container elementor-column-gap-default\">\n\t\t\t\t\t<div class=\"elementor-column elementor-col-100 elementor-top-column elementor-element elementor-element-26c7737f\" data-id=\"26c7737f\" data-element_type=\"column\" data-e-type=\"column\">\n\t\t\t<div class=\"elementor-widget-wrap elementor-element-populated\">\n\t\t\t\t\t\t<div class=\"elementor-element elementor-element-39a6295a elementor-widget elementor-widget-text-editor\" data-id=\"39a6295a\" data-element_type=\"widget\" data-e-type=\"widget\" data-widget_type=\"text-editor.default\">\n\t\t\t\t<div class=\"elementor-widget-container\">\n\t\t\t\t\t\t\t\t\t<ul style=\"list-style: none;\">\n<li>\n<p align=\"justify\"><u><b>POL\u00cdTICA DE ENLACES Y EXENCIONES DE RESPONSABILIDAD<\/b><\/u><\/p>\n<\/li>\n<\/ul>\n<p align=\"justify\"><b>ASSESORIA FINQUES BADALONA S.L.,<\/b>&nbsp;no se hace responsable del contenido de las p\u00e1ginas web a las que pueda acceder el\u00a0<b>Usuario<\/b>&nbsp;a trav\u00e9s de los enlaces establecidos en sus sitios web y declara que en ning\u00fan caso examinar\u00e1 ni ejercitar\u00e1 ning\u00fan tipo de control sobre el contenido de otras p\u00e1ginas de la red.<\/p>\n<p align=\"justify\">Asimismo, tampoco garantiza la disponibilidad t\u00e9cnica, exactitud, veracidad, validez o legalidad de p\u00e1ginas ajenas a su propiedad a las que se pueda acceder a trav\u00e9s de los enlaces.<\/p>\n<p align=\"justify\">\n<\/p><p align=\"justify\"><b>ASSESORIA FINQUES BADALONA S.L.,<\/b>&nbsp;declara que ha adoptado todas las medidas necesarias para evitar cualquier da\u00f1o que pueda derivarse de la navegaci\u00f3n por sus p\u00e1ginas web. En consecuencia,\u00a0<b>&nbsp;ASSESORIA FINQUES BADALONA S.L.,<\/b>&nbsp;no se hace responsable, en ning\u00fan caso, de los eventuales da\u00f1os que pueda sufrir el\u00a0<b>Usuario<\/b>&nbsp;debido a la navegaci\u00f3n por Internet.<\/p>\n<p align=\"justify\">\n<\/p><p align=\"justify\"><b>ASSESORIA FINQUES BADALONA S.L.,<\/b>&nbsp;no se responsabiliza de los da\u00f1os o perjuicios de cualquier tipo producidos en el\u00a0<b>Usuario<\/b>&nbsp;que traigan causa de fallos o desconexiones en las redes de telecomunicaciones que produzcan la suspensi\u00f3n, cancelaci\u00f3n o interrupci\u00f3n del servicio de la web durante la prestaci\u00f3n del mismo o con car\u00e1cter previo.<\/p>\n<p align=\"justify\">El acceso a la web:\u00a0&nbsp;<b>www.finquesbadalona.com<\/b>&nbsp;no implica la obligaci\u00f3n por parte de la empresa de controlar la ausencia de virus o cualquier otro elemento inform\u00e1tico da\u00f1ino. Corresponde al\u00a0<b>Usuario<\/b>en todo caso, la disponibilidad de herramientas adecuadas para la detecci\u00f3n y desinfecci\u00f3n de programas inform\u00e1ticos da\u00f1inos.<\/p>\n<p align=\"justify\"><b>ASSESORIA FINQUES BADALONA S.L.,<\/b>&nbsp;no se responsabiliza de los da\u00f1os producidos en los equipos inform\u00e1ticos, documentos y \/ o ficheros de los\u00a0&nbsp;<b>Usuarios<\/b>&nbsp;o de terceros durante la prestaci\u00f3n del servicio en el Portal.<\/p><p align=\"justify\"><br><\/p>\n<p align=\"justify\">\n<\/p><ul style=\"list-style: none;\">\n<li>\n<p align=\"justify\"><u><b>PUBLICIDAD<\/b><\/u><\/p>\n<\/li>\n<\/ul>\n<p align=\"justify\">La Web:&nbsp;<b>www.finquesbadalona.com<\/b>&nbsp;podr\u00e1 albergar contenidos publicitarios o patrocinados. Los anunciantes o patrocinadores son los \u00fanicos responsables de asegurarse que el material remitido para su inclusi\u00f3n en la Web cumple con las leyes que en cada caso puedan ser de aplicaci\u00f3n.<\/p>\n<p align=\"justify\"><b>ASSESORIA FINQUES BADALONA S.L.<\/b><b>,<\/b>&nbsp;no ser\u00e1 responsable de cualquier error, inexactitud o irregularidad que puedan contener los contenidos publicitarios o de los patrocinadores.<\/p><p align=\"justify\"><br><\/p>\n<p align=\"justify\">\n<\/p><ul style=\"list-style: none;\">\n<li>\n<p align=\"justify\"><u><b>MODIFICACIONES<\/b><\/u><\/p>\n<\/li>\n<\/ul>\n<p align=\"justify\"><b>ASSESORIA FINQUES BADALONA S.L.,<\/b>&nbsp;se reserva el derecho a realizar las modificaciones que considere oportunas, sin aviso previo, en el contenido de sus sitios web, tanto en cuanto a los contenidos de los sitios web como por sus condiciones de uso o por las condiciones generales de contrataci\u00f3n. Estas modificaciones podr\u00e1n realizarse, a trav\u00e9s de sus sitios web, de cualquier forma admisible en derecho y ser\u00e1n de obligado cumplimiento durante el tiempo que est\u00e9n publicadas en la web y hasta que no sean modificadas por otras posteriores.<\/p><p align=\"justify\"><br><\/p>\n<p align=\"justify\">\n<\/p><ul style=\"list-style: none;\">\n<li>\n<p align=\"justify\"><u><b>RESERVA DE COOKIES<\/b><\/u><\/p>\n<\/li>\n<\/ul>\n<p align=\"justify\"><b>ASSESORIA FINQUES BADALONA S.L.,<\/b>&nbsp;se reserva el derecho de utilizar cookies en la navegaci\u00f3n del\u00a0<b>Usuario<\/b>&nbsp;por sus sitios web para facilitar la personalizaci\u00f3n y comodidad de la navegaci\u00f3n. Siguiendo la pol\u00edtica de protecci\u00f3n de datos de la empresa,\u00a0&nbsp;<b>ASSESORIA FINQUES BADALONA S.L.,<\/b>&nbsp;informa que las cookies se asocian al\u00a0<b>Usuario<\/b>&nbsp;an\u00f3nimo y su ordenador y no proporcionan por s\u00ed mismas ni el nombre ni los apellidos del\u00a0<b>Usuario<\/b>.<\/p>\n<p align=\"justify\">\n<\/p><p align=\"justify\">El\u00a0<b>Usuario<\/b>&nbsp;tiene la posibilidad de configurar su navegador de manera que sea informado de la recepci\u00f3n de cookies, con la posibilidad, si as\u00ed lo desea, impedir que se instalen en su disco duro. Sin embargo, para acceder a los sitios web de\u00a0&nbsp;<b>ASSESORIA FINQUES BADALONA S.L.,<\/b>&nbsp;no es preceptiva la instalaci\u00f3n de cookies.<\/p>\n<p align=\"justify\">El\u00a0<b>Usuario<\/b>&nbsp;se compromete a abstenerse de reproducir, copiar, distribuir, poner a disposici\u00f3n o de cualquier otra forma de comunicar p\u00fablicamente, transformar o modificar los Contenidos, a menos que se cuente con la autorizaci\u00f3n del titular de los correspondientes derechos o ello resulte legalmente permitido.<\/p><p align=\"justify\"><br><\/p>\n<p align=\"justify\">\n<\/p><ul style=\"list-style: none;\">\n<li>\n<p align=\"justify\"><u><b>PROTECCI\u00d3N DE DATOS PERSONAL<\/b><\/u><\/p>\n<\/li>\n<\/ul>\n<p align=\"justify\">De conformidad con lo establecido en el Real Decreto-Ley 5\/2018, por la adaptaci\u00f3n del Derecho espa\u00f1ol a la normativa del Uni\u00f3n Europea, por la aplicaci\u00f3n del Reglamento General -UE- 2016\/679 del Parlamento y Consejo de Europa de Protecci\u00f3n de Datos de Car\u00e1cter Personal, aprobado el 27 de abril de 2016, y la LOPD 3\/2018, de garant\u00eda de los derechos digitales,&nbsp;<b>ASSESORIA FINQUES BADALONA S.L.,<\/b>&nbsp;informa a los\u00a0&nbsp;<b>Usuarios<\/b>&nbsp;de sus websites, que estamos obligados a guardar secreto profesional de los datos personales captadas por la empresa mediante los formularios sitos en sus p\u00e1ginas, esta obligaci\u00f3n continur\u00e0 incluso despu\u00e9s de haber finalizado nuestra relaci\u00f3n comercial o contractual, y en ning\u00fan caso podremos hacer p\u00fablicos los datos personales de los visitantes y clientes a la web sin su consentimiento, los menores de 14 a\u00f1os, no pueden prestar su consentimiento para que un comercio recoja y trate sus datos personales; solamente sus representantes legales (padres o tutores) son los que pueden hacerlo en su nombre. Aquellos comercios que necesiten tratar datos de menores de 14 a\u00f1os, deben disponer de los medios para obtener el consentimiento de sus padres o tutores, por ejemplo, mediante un mensaje de correo electr\u00f3nico dirigido a alguno de ellos que contenga un enlace a un formulario electr\u00f3nico . No se puede pedir a los menores de 14 a\u00f1os datos sobre el \u00e1mbito familiar, siendo la \u00fanica excepci\u00f3n los datos de identificaci\u00f3n y contacto de los padres o tutores.<\/p>\n<p align=\"justify\">\n<\/p><p align=\"justify\">Estos datos ser\u00e1n introducidos en un fichero automatizado bajo la responsabilidad del administrador de la web de\u00a0&nbsp;<b>ASSESORIA FINQUES BADALONA S.L.,<\/b>&nbsp;con el fin de poder facilitar, agilizar y cumplir los compromisos establecidos entre ambas partes. Asimismo,\u00a0&nbsp;<b>ASSESORIA FINQUES BADALONA S.L.,<\/b>&nbsp;informa de la posibilidad de ejercer los derechos\u00a0&nbsp;<b>de acceso\u00a0<\/b>, que permite al usuario web, conocer que datos personales tiene el administrador de esta p\u00e1gina y en tal caso contestara en un plazo de 30 d\u00edas, siempre que conserve los datos,&nbsp;<b>rectificaci\u00f3n<\/b>, que permite corregir errores, modificar los datos que sean inexactos o incompletos y garantizar la certeza de la informaci\u00f3n,\u00a0<b>oposici\u00f3n,\u00a0<\/b>&nbsp;que podr\u00e1 solicitar y conseguir que no lleve a cabo el tratamiento de datos,\u00a0&nbsp;<b>supresi\u00f3n,\u00a0<\/b>&nbsp;que permite que se supriman los datos inadecuadas o excesivos,\u00a0&nbsp;<b>limitaci\u00f3n\u00a0<\/b>, que permite corregir errores, modificar los datos que sean inexactos o incompletos y garantizar la certeza de la informaci\u00f3n,\u00a0&nbsp;<b>portabilidad\u00a0<\/b>para que el usuario pueda obtener una copia de los datos personales que haya facilitado en la web con el fin de poder transmitirlos a otros servicios, estos derechos se podr\u00e1n ejercer por cualquier medio que deje constancia de su env\u00edo y de su recepci\u00f3n en la direcci\u00f3n:<\/p>\n<p align=\"justify\">\n<\/p><p align=\"justify\"><b>LAIET\u00c0NIA, 17.&nbsp;<\/b>C\u00f3digo Postal:\u00a0&nbsp;<b>08911<\/b>. Localidad:&nbsp;<b>BADALONA<\/b>. Prov\u00edncia:&nbsp;<b>BARCELONA<\/b>., o al correo electr\u00f3nico\u00a0&nbsp;<a href=\"mailto:info@finquesbadalona.com\"><u>info@finquesbadalona.com<\/u><\/a><b>,&nbsp;<\/b>aportando fotocopia del DNI o documentaci\u00f3n alternativa que acredite su identidad.<\/p>\n<p align=\"justify\">\n<\/p><p align=\"justify\">Mientras no nos comunique lo contrario, entenderemos que sus datos no han sido modificados, que usted se compromete a notificarnos cualquier variaci\u00f3n y que tenemos el consentimiento para utilizarlos a fin de poder fidelizar la relaci\u00f3n entre las partes.<\/p>\n<p align=\"justify\">\n<\/p><p align=\"justify\">El env\u00edo de sus datos mediante el \/ los formulario \/ s de nuestra web, estar\u00e1 supeditado obligatoriamente a que haya le\u00eddo \/ aceptado la Pol\u00edtica de Privacidad, mediante un check box obligatorio a pie del formulario.<\/p>\n<p align=\"justify\">\n<\/p><p align=\"justify\">De acuerdo con lo establecido en la Ley 34\/2002, de Servicios de la Sociedad de la Informaci\u00f3n y el Comercio Electr\u00f3nico en su art\u00edculo 21, solicitamos su consentimiento para poder realizar comunicaciones publicitarias que consideremos puedan ser de su inter\u00e9s, por correo electr\u00f3nico o por cualquier otro medio de comunicaci\u00f3n electr\u00f3nica equivalente, este consentimiento lo aceptar\u00e1 o negar\u00e1 con un check box obligatorio a pie del formulario.<\/p><p align=\"justify\"><br><\/p>\n<p align=\"justify\">\n<\/p><ul style=\"list-style: none;\">\n<li>\n<p align=\"justify\"><u><b>PROPIEDAD INTELECTUAL<\/b><\/u><\/p>\n<\/li>\n<\/ul>\n<p align=\"justify\">Los derechos de propiedad intelectual e industrial derivados de todos los textos, im\u00e1genes, as\u00ed como de los medios y formas de presentaci\u00f3n y montaje de sus p\u00e1ginas pertenecen, por s\u00ed mismos o como cesionaria, a\u00a0&nbsp;<b>ASSESORIA FINQUES BADALONA S.L.,<\/b>&nbsp;ser\u00e1n, por tanto, obras protegidas con propiedad intelectual por el ordenamiento jur\u00eddico espa\u00f1ol y se les podr\u00e1 aplicar tanto la normativa espa\u00f1ola y comunitaria en este campo, como los tratados internacionales relativos a la materia y suscritos por Espa\u00f1a.<\/p>\n<p align=\"justify\">\n<\/p><p align=\"justify\">Todos los derechos reservados. En cumplimiento de la Ley de la Propiedad Intelectual se proh\u00edbe expresamente la reproducci\u00f3n, distribuci\u00f3n, comunicaci\u00f3n p\u00fablica y utilizaci\u00f3n de la totalidad o parte de los contenidos de sus p\u00e1ginas web sin el consentimiento expl\u00edcito de\u00a0&nbsp;<b>ASSESORIA FINQUES BADALONA S.L..<\/b><\/p>\n<p align=\"justify\">Asimismo,\u00a0&nbsp;<b>ASSESORIA FINQUES BADALONA S.L.,<\/b>&nbsp;se reserva la facultad de presentar las acciones civiles o penales que considere oportunas por la utilizaci\u00f3n indebida de sus p\u00e1ginas web y contenidos o por el incumplimiento de estas condiciones.<\/p><p align=\"justify\"><br><\/p>\n<p align=\"justify\">\n<\/p><ul style=\"list-style: none;\">\n<li>\n<p align=\"justify\"><u><b>SELLOS DE CONFIANZA<\/b><\/u><\/p>\n<\/li>\n<\/ul>\n<p align=\"justify\">Los sellos de confianza son distintivos que se proporcionan en las tiendas online para demostrar su calidad y seguridad en la venta online.<\/p>\n<p align=\"justify\">Para conseguir el sello, estas son auditadas o evaluadas para comprobar que cumplen los criterios de seguridad en la compra y cumplimiento legal.<\/p>\n<p align=\"justify\">Las tiendas que disponen de un sello de confianza est\u00e1n adheridas a un c\u00f3digo de conducta y suelen ofrecer a los consumidores procedimientos alternativos de resoluci\u00f3n de conflictos sencillos, r\u00e1pidos y c\u00f3modos.<\/p><p align=\"justify\"><br><\/p>\n<p align=\"justify\">\n<\/p><ul style=\"list-style: none;\">\n<li>\n<p align=\"justify\"><u><b>ACCIONES LEGALES, LEGISLACI\u00d3N APLICABLE Y JURISDICCI\u00d3N<\/b><\/u><\/p>\n<\/li>\n<\/ul>\n<p align=\"justify\">La relaci\u00f3n entre el usuario y&nbsp;<b>ASSESORIA FINQUES BADALONA S.L.,<\/b>&nbsp;se regir\u00e1 por la normativa espa\u00f1ola vigente y ser\u00e1n competentes, para decidir sobre cualquir controversia que pueda surgir entre el usuario y\u00a0&nbsp;<b>ASSESORIA FINQUES BADALONA S.L.,<\/b>&nbsp;los juzgados o tribunales de la localitat de\u00a0&nbsp;<b>BADALONA<\/b><b>.<\/b><\/p>\t\t\t\t\t\t\t\t<\/div>\n\t\t\t\t<\/div>\n\t\t\t\t\t<\/div>\n\t\t<\/div>\n\t\t\t\t\t<\/div>\n\t\t<\/section>\n\t\t\t\t<\/div>","protected":false},"excerpt":{"rendered":"<p>POL\u00cdTICA D\u2019ENLLA\u00c7OS I EXEMPCIONS DE RESPONSABILITAT ASSESORIA FINQUES BADALONA S.L.,&nbsp;no es fa responsable del contingut de les p\u00e0gines web a les quals pugui accedir l\u2019Usuari&nbsp;a trav\u00e9s dels enlla\u00e7os establerts als seus llocs web i declara que en cap cas examinar\u00e0 ni exercitar\u00e0 cap tipus de&#8230;<\/p>","protected":false},"author":1,"featured_media":0,"parent":0,"menu_order":0,"comment_status":"closed","ping_status":"closed","template":"","meta":{"footnotes":""},"class_list":["post-576","page","type-page","status-publish","hentry"],"yoast_head":"<!-- This site is optimized with the Yoast SEO plugin v27.3 - https:\/\/yoast.com\/product\/yoast-seo-wordpress\/ -->\n<title>Pol\u00edtica de privacitat - Finques Badalona<\/title>\n<meta name=\"description\" content=\"Finques Badalona \u00e9s una Administraci\u00f3 de finques que ofereix un ampli ventall de serveis a les comunitats de ve\u00efns.\" \/>\n<meta name=\"robots\" content=\"index, follow, max-snippet:-1, max-image-preview:large, max-video-preview:-1\" \/>\n<link rel=\"canonical\" href=\"https:\/\/finquesbadalona.com\/es\/politica-privacitat\/\" \/>\n<meta property=\"og:locale\" content=\"es_ES\" \/>\n<meta property=\"og:type\" content=\"article\" \/>\n<meta property=\"og:title\" content=\"Pol\u00edtica de privacitat - Finques Badalona\" \/>\n<meta property=\"og:description\" content=\"Finques Badalona \u00e9s una Administraci\u00f3 de finques que ofereix un ampli ventall de serveis a les comunitats de ve\u00efns.\" \/>\n<meta property=\"og:url\" content=\"https:\/\/finquesbadalona.com\/es\/politica-privacitat\/\" \/>\n<meta property=\"og:site_name\" content=\"Finques Badalona\" \/>\n<meta property=\"article:modified_time\" content=\"2024-05-28T09:28:37+00:00\" \/>\n<meta property=\"og:image\" content=\"https:\/\/finquesbadalona.com\/wp-content\/uploads\/2024\/03\/logo-verd.png\" \/>\n\t<meta property=\"og:image:width\" content=\"397\" \/>\n\t<meta property=\"og:image:height\" content=\"261\" \/>\n\t<meta property=\"og:image:type\" content=\"image\/png\" \/>\n<meta name=\"twitter:card\" content=\"summary_large_image\" \/>\n<meta name=\"twitter:label1\" content=\"Tiempo de lectura\" \/>\n\t<meta name=\"twitter:data1\" content=\"9 minutos\" \/>\n<script type=\"application\/ld+json\" class=\"yoast-schema-graph\">{\"@context\":\"https:\\\/\\\/schema.org\",\"@graph\":[{\"@type\":\"WebPage\",\"@id\":\"https:\\\/\\\/finquesbadalona.com\\\/politica-privacitat\\\/\",\"url\":\"https:\\\/\\\/finquesbadalona.com\\\/politica-privacitat\\\/\",\"name\":\"Pol\u00edtica de privacitat - Finques Badalona\",\"isPartOf\":{\"@id\":\"https:\\\/\\\/finquesbadalona.com\\\/#website\"},\"datePublished\":\"2024-05-10T09:35:35+00:00\",\"dateModified\":\"2024-05-28T09:28:37+00:00\",\"description\":\"Finques Badalona \u00e9s una Administraci\u00f3 de finques que ofereix un ampli ventall de serveis a les comunitats de ve\u00efns.\",\"breadcrumb\":{\"@id\":\"https:\\\/\\\/finquesbadalona.com\\\/politica-privacitat\\\/#breadcrumb\"},\"inLanguage\":\"es\",\"potentialAction\":[{\"@type\":\"ReadAction\",\"target\":[\"https:\\\/\\\/finquesbadalona.com\\\/politica-privacitat\\\/\"]}]},{\"@type\":\"BreadcrumbList\",\"@id\":\"https:\\\/\\\/finquesbadalona.com\\\/politica-privacitat\\\/#breadcrumb\",\"itemListElement\":[{\"@type\":\"ListItem\",\"position\":1,\"name\":\"Portada\",\"item\":\"https:\\\/\\\/finquesbadalona.com\\\/\"},{\"@type\":\"ListItem\",\"position\":2,\"name\":\"Pol\u00edtica de privacitat\"}]},{\"@type\":\"WebSite\",\"@id\":\"https:\\\/\\\/finquesbadalona.com\\\/#website\",\"url\":\"https:\\\/\\\/finquesbadalona.com\\\/\",\"name\":\"Finques Badalona\",\"description\":\"El teu administrador de finques de confian\u00e7a\",\"publisher\":{\"@id\":\"https:\\\/\\\/finquesbadalona.com\\\/#organization\"},\"alternateName\":\"Finques Badalona - Administradors de finques\",\"potentialAction\":[{\"@type\":\"SearchAction\",\"target\":{\"@type\":\"EntryPoint\",\"urlTemplate\":\"https:\\\/\\\/finquesbadalona.com\\\/?s={search_term_string}\"},\"query-input\":{\"@type\":\"PropertyValueSpecification\",\"valueRequired\":true,\"valueName\":\"search_term_string\"}}],\"inLanguage\":\"es\"},{\"@type\":\"Organization\",\"@id\":\"https:\\\/\\\/finquesbadalona.com\\\/#organization\",\"name\":\"Finques Badalona\",\"alternateName\":\"Finques Badalona - Administradors de finques\",\"url\":\"https:\\\/\\\/finquesbadalona.com\\\/\",\"logo\":{\"@type\":\"ImageObject\",\"inLanguage\":\"es\",\"@id\":\"https:\\\/\\\/finquesbadalona.com\\\/#\\\/schema\\\/logo\\\/image\\\/\",\"url\":\"https:\\\/\\\/finquesbadalona.com\\\/wp-content\\\/uploads\\\/2024\\\/03\\\/logo-verd.png\",\"contentUrl\":\"https:\\\/\\\/finquesbadalona.com\\\/wp-content\\\/uploads\\\/2024\\\/03\\\/logo-verd.png\",\"width\":397,\"height\":261,\"caption\":\"Finques Badalona\"},\"image\":{\"@id\":\"https:\\\/\\\/finquesbadalona.com\\\/#\\\/schema\\\/logo\\\/image\\\/\"},\"sameAs\":[\"https:\\\/\\\/www.instagram.com\\\/finquesbadalona\\\/\"]}]}<\/script>\n<!-- \/ Yoast SEO plugin. -->","yoast_head_json":{"title":"Pol\u00edtica de privacidad - Finques Badalona","description":"Finques Badalona es una Administraci\u00f3n de fincas que ofrece un amplio abanico de servicios a las comunidades de vecinos.","robots":{"index":"index","follow":"follow","max-snippet":"max-snippet:-1","max-image-preview":"max-image-preview:large","max-video-preview":"max-video-preview:-1"},"canonical":"https:\/\/finquesbadalona.com\/es\/politica-privacitat\/","og_locale":"es_ES","og_type":"article","og_title":"Pol\u00edtica de privacitat - Finques Badalona","og_description":"Finques Badalona \u00e9s una Administraci\u00f3 de finques que ofereix un ampli ventall de serveis a les comunitats de ve\u00efns.","og_url":"https:\/\/finquesbadalona.com\/es\/politica-privacitat\/","og_site_name":"Finques Badalona","article_modified_time":"2024-05-28T09:28:37+00:00","og_image":[{"width":397,"height":261,"url":"https:\/\/finquesbadalona.com\/wp-content\/uploads\/2024\/03\/logo-verd.png","type":"image\/png"}],"twitter_card":"summary_large_image","twitter_misc":{"Tiempo de lectura":"9 minutos"},"schema":{"@context":"https:\/\/schema.org","@graph":[{"@type":"WebPage","@id":"https:\/\/finquesbadalona.com\/politica-privacitat\/","url":"https:\/\/finquesbadalona.com\/politica-privacitat\/","name":"Pol\u00edtica de privacidad - Finques Badalona","isPartOf":{"@id":"https:\/\/finquesbadalona.com\/#website"},"datePublished":"2024-05-10T09:35:35+00:00","dateModified":"2024-05-28T09:28:37+00:00","description":"Finques Badalona es una Administraci\u00f3n de fincas que ofrece un amplio abanico de servicios a las comunidades de vecinos.","breadcrumb":{"@id":"https:\/\/finquesbadalona.com\/politica-privacitat\/#breadcrumb"},"inLanguage":"es","potentialAction":[{"@type":"ReadAction","target":["https:\/\/finquesbadalona.com\/politica-privacitat\/"]}]},{"@type":"BreadcrumbList","@id":"https:\/\/finquesbadalona.com\/politica-privacitat\/#breadcrumb","itemListElement":[{"@type":"ListItem","position":1,"name":"Portada","item":"https:\/\/finquesbadalona.com\/"},{"@type":"ListItem","position":2,"name":"Pol\u00edtica de privacitat"}]},{"@type":"WebSite","@id":"https:\/\/finquesbadalona.com\/#website","url":"https:\/\/finquesbadalona.com\/","name":"Finques Badalona","description":"El teu administrador de finques de confian\u00e7a","publisher":{"@id":"https:\/\/finquesbadalona.com\/#organization"},"alternateName":"Finques Badalona - Administradors de finques","potentialAction":[{"@type":"SearchAction","target":{"@type":"EntryPoint","urlTemplate":"https:\/\/finquesbadalona.com\/?s={search_term_string}"},"query-input":{"@type":"PropertyValueSpecification","valueRequired":true,"valueName":"search_term_string"}}],"inLanguage":"es"},{"@type":"Organization","@id":"https:\/\/finquesbadalona.com\/#organization","name":"Finques Badalona","alternateName":"Finques Badalona - Administradors de finques","url":"https:\/\/finquesbadalona.com\/","logo":{"@type":"ImageObject","inLanguage":"es","@id":"https:\/\/finquesbadalona.com\/#\/schema\/logo\/image\/","url":"https:\/\/finquesbadalona.com\/wp-content\/uploads\/2024\/03\/logo-verd.png","contentUrl":"https:\/\/finquesbadalona.com\/wp-content\/uploads\/2024\/03\/logo-verd.png","width":397,"height":261,"caption":"Finques Badalona"},"image":{"@id":"https:\/\/finquesbadalona.com\/#\/schema\/logo\/image\/"},"sameAs":["https:\/\/www.instagram.com\/finquesbadalona\/"]}]}},"_links":{"self":[{"href":"https:\/\/finquesbadalona.com\/es\/wp-json\/wp\/v2\/pages\/576","targetHints":{"allow":["GET"]}}],"collection":[{"href":"https:\/\/finquesbadalona.com\/es\/wp-json\/wp\/v2\/pages"}],"about":[{"href":"https:\/\/finquesbadalona.com\/es\/wp-json\/wp\/v2\/types\/page"}],"author":[{"embeddable":true,"href":"https:\/\/finquesbadalona.com\/es\/wp-json\/wp\/v2\/users\/1"}],"replies":[{"embeddable":true,"href":"https:\/\/finquesbadalona.com\/es\/wp-json\/wp\/v2\/comments?post=576"}],"version-history":[{"count":26,"href":"https:\/\/finquesbadalona.com\/es\/wp-json\/wp\/v2\/pages\/576\/revisions"}],"predecessor-version":[{"id":817,"href":"https:\/\/finquesbadalona.com\/es\/wp-json\/wp\/v2\/pages\/576\/revisions\/817"}],"wp:attachment":[{"href":"https:\/\/finquesbadalona.com\/es\/wp-json\/wp\/v2\/media?parent=576"}],"curies":[{"name":"wp","href":"https:\/\/api.w.org\/{rel}","templated":true}]}}