{"id":1400,"date":"2024-05-24T19:43:44","date_gmt":"2024-05-24T18:43:44","guid":{"rendered":"https:\/\/finquesbadalona.com\/?page_id=1400"},"modified":"2024-05-28T10:28:51","modified_gmt":"2024-05-28T09:28:51","slug":"pressupost-administracio-patrimoni","status":"publish","type":"page","link":"https:\/\/finquesbadalona.com\/es\/presupuesto-administracion-patrimonio\/","title":{"rendered":"Presupuesto Administraci\u00f3n de Patrimonio"},"content":{"rendered":"\t\t<div data-elementor-type=\"wp-page\" data-elementor-id=\"1400\" class=\"elementor elementor-1400\">\n\t\t\t\t\t\t<section class=\"elementor-section elementor-top-section elementor-element elementor-element-26c11312 elementor-section-full_width elementor-section-height-default elementor-section-height-default parallax_section_no qode_elementor_container_no\" data-id=\"26c11312\" data-element_type=\"section\" data-e-type=\"section\" data-settings=\"{&quot;background_background&quot;:&quot;classic&quot;}\">\n\t\t\t\t\t\t<div class=\"elementor-container elementor-column-gap-default\">\n\t\t\t\t\t<div class=\"elementor-column elementor-col-100 elementor-top-column elementor-element elementor-element-635f80e4\" data-id=\"635f80e4\" data-element_type=\"column\" data-e-type=\"column\">\n\t\t\t<div class=\"elementor-widget-wrap\">\n\t\t\t\t\t\t\t<\/div>\n\t\t<\/div>\n\t\t\t\t\t<\/div>\n\t\t<\/section>\n\t\t\t\t<section class=\"elementor-section elementor-top-section elementor-element elementor-element-76c3b1e elementor-section-boxed elementor-section-height-default elementor-section-height-default parallax_section_no qode_elementor_container_no\" data-id=\"76c3b1e\" data-element_type=\"section\" data-e-type=\"section\">\n\t\t\t\t\t\t<div class=\"elementor-container elementor-column-gap-default\">\n\t\t\t\t\t<div class=\"elementor-column elementor-col-100 elementor-top-column elementor-element elementor-element-1453ab5a\" data-id=\"1453ab5a\" data-element_type=\"column\" data-e-type=\"column\">\n\t\t\t<div class=\"elementor-widget-wrap elementor-element-populated\">\n\t\t\t\t\t\t<div class=\"elementor-element elementor-element-45e3d70 elementor-widget elementor-widget-heading\" data-id=\"45e3d70\" data-element_type=\"widget\" data-e-type=\"widget\" data-widget_type=\"heading.default\">\n\t\t\t\t<div class=\"elementor-widget-container\">\n\t\t\t\t\t<h3 class=\"elementor-heading-title elementor-size-default\">Pressupost administraci\u00f3 de patrimoni<\/h3>\t\t\t\t<\/div>\n\t\t\t\t<\/div>\n\t\t\t\t<div class=\"elementor-element elementor-element-4618a264 elementor-widget elementor-widget-text-editor\" data-id=\"4618a264\" data-element_type=\"widget\" data-e-type=\"widget\" data-widget_type=\"text-editor.default\">\n\t\t\t\t<div class=\"elementor-widget-container\">\n\t\t\t\t\t\t\t\t\t<p>Vols que administrem el teu patrimoni? Contesta les seg\u00fcents preguntes i t&#8217;enviarem un pressupost:<\/p>\t\t\t\t\t\t\t\t<\/div>\n\t\t\t\t<\/div>\n\t\t\t\t\t<\/div>\n\t\t<\/div>\n\t\t\t\t\t<\/div>\n\t\t<\/section>\n\t\t\t\t<section class=\"elementor-section elementor-top-section elementor-element elementor-element-5eb9b15 elementor-section-boxed elementor-section-height-default elementor-section-height-default parallax_section_no qode_elementor_container_no\" data-id=\"5eb9b15\" data-element_type=\"section\" data-e-type=\"section\">\n\t\t\t\t\t\t<div class=\"elementor-container elementor-column-gap-default\">\n\t\t\t\t\t<div class=\"elementor-column elementor-col-100 elementor-top-column elementor-element elementor-element-034d01e\" data-id=\"034d01e\" data-element_type=\"column\" data-e-type=\"column\">\n\t\t\t<div class=\"elementor-widget-wrap elementor-element-populated\">\n\t\t\t\t\t\t<div class=\"elementor-element elementor-element-6938072 elementor-widget elementor-widget-bridge_cf_7\" data-id=\"6938072\" data-element_type=\"widget\" data-e-type=\"widget\" data-widget_type=\"bridge_cf_7.default\">\n\t\t\t\t<div class=\"elementor-widget-container\">\n\t\t\t\t\t    <div class=\"qode-contact-form-7 qode-contact-form-7-0\">\n    \n<div class=\"wpcf7 no-js\" id=\"wpcf7-f1397-o1\" lang=\"en-US\" dir=\"ltr\" data-wpcf7-id=\"1397\">\n<div class=\"screen-reader-response\"><p role=\"status\" aria-live=\"polite\" aria-atomic=\"true\"><\/p> <ul><\/ul><\/div>\n<form action=\"\/es\/wp-json\/wp\/v2\/pages\/1400#wpcf7-f1397-o1\" method=\"post\" class=\"wpcf7-form init cf7_custom_style_1\" aria-label=\"Contact form\" novalidate=\"novalidate\" data-status=\"init\">\n<fieldset class=\"hidden-fields-container\"><input type=\"hidden\" name=\"_wpcf7\" value=\"1397\" \/><input type=\"hidden\" name=\"_wpcf7_version\" value=\"6.1.5\" \/><input type=\"hidden\" name=\"_wpcf7_locale\" value=\"en_US\" \/><input type=\"hidden\" name=\"_wpcf7_unit_tag\" value=\"wpcf7-f1397-o1\" \/><input type=\"hidden\" name=\"_wpcf7_container_post\" value=\"0\" \/><input type=\"hidden\" name=\"_wpcf7_posted_data_hash\" value=\"\" \/><input type=\"hidden\" name=\"_wpcf7_recaptcha_response\" value=\"\" \/>\n<\/fieldset>\n<div><label>Tens un administrador del teu patrimoni actualment?<\/label><\/div>\n<div style=\"margin-bottom:30px;\"><span class=\"wpcf7-form-control-wrap\" data-name=\"admin-patrimoni\"><span class=\"wpcf7-form-control wpcf7-radio\"><span class=\"wpcf7-list-item first\"><label><input type=\"radio\" name=\"admin-patrimoni\" value=\"Si\" \/><span class=\"wpcf7-list-item-label\">Si<\/span><\/label><\/span><span class=\"wpcf7-list-item last\"><label><input type=\"radio\" name=\"admin-patrimoni\" value=\"No\" checked=\"checked\" \/><span class=\"wpcf7-list-item-label\">No<\/span><\/label><\/span><\/span><\/span><\/div>\n\n<div class=\"four_columns clearfix\">\n<div class=\"column1\">\n<div class=\"column_inner\"><label>Introdueix el n\u00famero d'habitatges<\/label>\n<span class=\"wpcf7-form-control-wrap\" data-name=\"num-habitatges\"><input class=\"wpcf7-form-control wpcf7-number wpcf7-validates-as-required wpcf7-validates-as-number\" aria-required=\"true\" aria-invalid=\"false\" value=\"\" type=\"number\" name=\"num-habitatges\" \/><\/span><\/div>\n<\/div>\n<div class=\"column2\">\n<div class=\"column_inner\"><label>Introdueix el n\u00famero de garatges<\/label>\n<span class=\"wpcf7-form-control-wrap\" data-name=\"num-garatges\"><input class=\"wpcf7-form-control wpcf7-number wpcf7-validates-as-required wpcf7-validates-as-number\" aria-required=\"true\" aria-invalid=\"false\" value=\"\" type=\"number\" name=\"num-garatges\" \/><\/span><\/div>\n<\/div>\n<div class=\"column3\">\n<div class=\"column_inner\"><label>Introdueix el n\u00famero de locals<\/label>\n<span class=\"wpcf7-form-control-wrap\" data-name=\"num-locals\"><input class=\"wpcf7-form-control wpcf7-number wpcf7-validates-as-required wpcf7-validates-as-number\" aria-required=\"true\" aria-invalid=\"false\" value=\"\" type=\"number\" name=\"num-locals\" \/><\/span><\/div>\n<\/div>\n<div class=\"column4\">\n<div class=\"column_inner\"><label>Introdueix el n\u00famero de trasters<\/label>\n<span class=\"wpcf7-form-control-wrap\" data-name=\"num-trasters\"><input class=\"wpcf7-form-control wpcf7-number wpcf7-validates-as-required wpcf7-validates-as-number\" aria-required=\"true\" aria-invalid=\"false\" value=\"\" type=\"number\" name=\"num-trasters\" \/><\/span><\/div>\n<\/div>\n<\/div>\n\n\n<div style=\"margin-top:30px;\"><label>Estan llogats actualment?<\/label><\/div>\n<div style=\"margin-bottom:30px;\"><span class=\"wpcf7-form-control-wrap\" data-name=\"lloguer\"><span class=\"wpcf7-form-control wpcf7-radio\"><span class=\"wpcf7-list-item first\"><label><input type=\"radio\" name=\"lloguer\" value=\"Si\" \/><span class=\"wpcf7-list-item-label\">Si<\/span><\/label><\/span><span class=\"wpcf7-list-item\"><label><input type=\"radio\" name=\"lloguer\" value=\"No\" checked=\"checked\" \/><span class=\"wpcf7-list-item-label\">No<\/span><\/label><\/span><span class=\"wpcf7-list-item last\"><label><input type=\"radio\" name=\"lloguer\" value=\"Alguns s\u00ed, altres estan per llogar\" \/><span class=\"wpcf7-list-item-label\">Alguns s\u00ed, altres estan per llogar<\/span><\/label><\/span><\/span><\/span><\/div>\n\n<div><label>Quin servei voldries contractar?<\/label><\/div>\n<div style=\"margin-bottom:30px;\"><span class=\"wpcf7-form-control-wrap\" data-name=\"servei\"><select class=\"wpcf7-form-control wpcf7-select wpcf7-validates-as-required\" aria-required=\"true\" aria-invalid=\"false\" name=\"servei\"><option value=\"\">&#8212;Please choose an option&#8212;<\/option><option value=\"Comercialitzaci\u00f3 de lloguers\">Comercialitzaci\u00f3 de lloguers<\/option><option value=\"Gesti\u00f3 del Patrimoni\">Gesti\u00f3 del Patrimoni<\/option><option value=\"Ambd\u00f3s\">Ambd\u00f3s<\/option><\/select><\/span><\/div>\n\n<div><label>Quina \u00e9s la renda aproximada que perceps mensualment?<\/label><\/div>\n<div style=\"margin-bottom:30px;\"><span class=\"wpcf7-form-control-wrap\" data-name=\"renda\"><input class=\"wpcf7-form-control wpcf7-number wpcf7-validates-as-required wpcf7-validates-as-number\" aria-required=\"true\" aria-invalid=\"false\" value=\"\" type=\"number\" name=\"renda\" \/><\/span><\/div>\n\n\n<div><label>Deixa'ns les teves dades de contacte per oferir-te a un pressupost sense comprom\u00eds per a la teva Comunitat<\/label><\/div>\n<div class=\"two_columns_50_50 clearfix\">\n<div class=\"column1\">\n<div class=\"column_inner\"><span class=\"wpcf7-form-control-wrap\" data-name=\"your-name\"><input size=\"40\" maxlength=\"400\" class=\"wpcf7-form-control wpcf7-text wpcf7-validates-as-required\" aria-required=\"true\" aria-invalid=\"false\" placeholder=\"Introdueix el teu nom\" value=\"\" type=\"text\" name=\"your-name\" \/><\/span><\/div>\n<div class=\"column_inner\"><span class=\"wpcf7-form-control-wrap\" data-name=\"your-email\"><input size=\"40\" maxlength=\"400\" class=\"wpcf7-form-control wpcf7-email wpcf7-validates-as-required wpcf7-text wpcf7-validates-as-email\" aria-required=\"true\" aria-invalid=\"false\" placeholder=\"Introdueix el teu correu electr\u00f2nic\" value=\"\" type=\"email\" name=\"your-email\" \/><\/span><\/div>\n<\/div>\n<div class=\"column2\">\n<div class=\"column_inner\"><span class=\"wpcf7-form-control-wrap\" data-name=\"cognoms\"><input size=\"40\" maxlength=\"400\" class=\"wpcf7-form-control wpcf7-text wpcf7-validates-as-required\" aria-required=\"true\" aria-invalid=\"false\" placeholder=\"Introdueix els teus cognoms\" value=\"\" type=\"text\" name=\"cognoms\" \/><\/span><\/div>\n<div class=\"column_inner\"><span class=\"wpcf7-form-control-wrap\" data-name=\"tel-287\"><input size=\"40\" maxlength=\"400\" class=\"wpcf7-form-control wpcf7-tel wpcf7-validates-as-required wpcf7-text wpcf7-validates-as-tel\" aria-required=\"true\" aria-invalid=\"false\" placeholder=\"Introdueix el teu tel\u00e8fon\" value=\"\" type=\"tel\" name=\"tel-287\" \/><\/span><\/div>\n<\/div>\n<\/div>\n\n\n<div>\n<p class=\"novalidate\" style=\"margin-top:20px;\"><span class=\"wpcf7-form-control-wrap\" data-name=\"acceptance-263\"><span class=\"wpcf7-form-control wpcf7-acceptance\"><span class=\"wpcf7-list-item\"><label><input type=\"checkbox\" name=\"acceptance-263\" value=\"1\" aria-invalid=\"false\" \/><span class=\"wpcf7-list-item-label\">He llegit i accepto la <a href=\"\/politica-privacitat\" target=\"_blank\">pol\u00edtica de privacitat<\/a><\/p><\/span><\/label><\/span><\/span><\/span>\n<div class=\"gglcptch gglcptch_v3\"><input type=\"hidden\" id=\"g-recaptcha-response\" name=\"g-recaptcha-response\" \/><br \/><div class=\"gglcptch_error_text\">El periodo de verificaci\u00f3n de reCAPTCHA ha caducado. Por favor, recarga la p\u00e1gina.<\/div><\/div>\n<\/div>\n<div><input class=\"wpcf7-form-control wpcf7-submit has-spinner\" type=\"submit\" value=\"Enviar\" \/><\/div><p style=\"display: none !important;\" class=\"akismet-fields-container\" data-prefix=\"_wpcf7_ak_\"><label>&#916;<textarea name=\"_wpcf7_ak_hp_textarea\" cols=\"45\" rows=\"8\" maxlength=\"100\"><\/textarea><\/label><input type=\"hidden\" id=\"ak_js_1\" name=\"_wpcf7_ak_js\" value=\"5\"\/><script type=\"text\/javascript\">\n\/* <![CDATA[ *\/\ndocument.getElementById( \"ak_js_1\" ).setAttribute( \"value\", ( new Date() ).getTime() );\n\/* ]]> *\/\n<\/script>\n<\/p><div class=\"wpcf7-response-output\" aria-hidden=\"true\"><\/div>\n<\/form>\n<\/div>\n    <\/div>\n\t\t\t\t<\/div>\n\t\t\t\t<\/div>\n\t\t\t\t\t<\/div>\n\t\t<\/div>\n\t\t\t\t\t<\/div>\n\t\t<\/section>\n\t\t\t\t<\/div>\n\t\t","protected":false},"excerpt":{"rendered":"<p>Pressupost administraci\u00f3 de patrimoni Vols que administrem el teu patrimoni? Contesta les seg\u00fcents preguntes i t&#8217;enviarem un pressupost: Tens un administrador del teu patrimoni actualment? SiNo Introdueix el n\u00famero d&#8217;habitatges Introdueix el n\u00famero aproximat de garatges Introdueix el n\u00famero aproximat de locals Introdueix el n\u00famero&#8230;<\/p>","protected":false},"author":1,"featured_media":0,"parent":0,"menu_order":0,"comment_status":"closed","ping_status":"closed","template":"full_width.php","meta":{"footnotes":""},"class_list":["post-1400","page","type-page","status-publish","hentry"],"yoast_head":"<!-- This site is optimized with the Yoast SEO plugin v27.5 - https:\/\/yoast.com\/product\/yoast-seo-wordpress\/ -->\n<title>Pressupost Administraci\u00f3 de Patrimoni - Finques Badalona<\/title>\n<meta name=\"description\" content=\"Finques Badalona et calcula un pressupost per administrar el teu patrimoni\" \/>\n<meta name=\"robots\" content=\"index, follow, max-snippet:-1, max-image-preview:large, max-video-preview:-1\" \/>\n<link rel=\"canonical\" href=\"https:\/\/finquesbadalona.com\/es\/pressupost-administracio-patrimoni\/\" \/>\n<meta property=\"og:locale\" content=\"es_ES\" \/>\n<meta property=\"og:type\" content=\"article\" \/>\n<meta property=\"og:title\" content=\"Pressupost Administraci\u00f3 de Patrimoni - Finques Badalona\" \/>\n<meta property=\"og:description\" content=\"Finques Badalona et calcula un pressupost per administrar el teu patrimoni\" \/>\n<meta property=\"og:url\" content=\"https:\/\/finquesbadalona.com\/es\/pressupost-administracio-patrimoni\/\" \/>\n<meta property=\"og:site_name\" content=\"Finques Badalona\" \/>\n<meta property=\"article:modified_time\" content=\"2024-05-28T09:28:51+00:00\" \/>\n<meta property=\"og:image\" content=\"https:\/\/finquesbadalona.com\/wp-content\/uploads\/2024\/03\/logo-verd.png\" \/>\n\t<meta property=\"og:image:width\" content=\"397\" \/>\n\t<meta property=\"og:image:height\" content=\"261\" \/>\n\t<meta property=\"og:image:type\" content=\"image\/png\" \/>\n<meta name=\"twitter:card\" content=\"summary_large_image\" \/>\n<meta name=\"twitter:label1\" content=\"Tiempo de lectura\" \/>\n\t<meta name=\"twitter:data1\" content=\"1 minuto\" \/>\n<script type=\"application\/ld+json\" class=\"yoast-schema-graph\">{\"@context\":\"https:\\\/\\\/schema.org\",\"@graph\":[{\"@type\":\"WebPage\",\"@id\":\"https:\\\/\\\/finquesbadalona.com\\\/pressupost-administracio-patrimoni\\\/\",\"url\":\"https:\\\/\\\/finquesbadalona.com\\\/pressupost-administracio-patrimoni\\\/\",\"name\":\"Pressupost Administraci\u00f3 de Patrimoni - Finques Badalona\",\"isPartOf\":{\"@id\":\"https:\\\/\\\/finquesbadalona.com\\\/#website\"},\"datePublished\":\"2024-05-24T18:43:44+00:00\",\"dateModified\":\"2024-05-28T09:28:51+00:00\",\"description\":\"Finques Badalona et calcula un pressupost per administrar el teu patrimoni\",\"breadcrumb\":{\"@id\":\"https:\\\/\\\/finquesbadalona.com\\\/pressupost-administracio-patrimoni\\\/#breadcrumb\"},\"inLanguage\":\"es\",\"potentialAction\":[{\"@type\":\"ReadAction\",\"target\":[\"https:\\\/\\\/finquesbadalona.com\\\/pressupost-administracio-patrimoni\\\/\"]}]},{\"@type\":\"BreadcrumbList\",\"@id\":\"https:\\\/\\\/finquesbadalona.com\\\/pressupost-administracio-patrimoni\\\/#breadcrumb\",\"itemListElement\":[{\"@type\":\"ListItem\",\"position\":1,\"name\":\"Portada\",\"item\":\"https:\\\/\\\/finquesbadalona.com\\\/\"},{\"@type\":\"ListItem\",\"position\":2,\"name\":\"Pressupost Administraci\u00f3 de Patrimoni\"}]},{\"@type\":\"WebSite\",\"@id\":\"https:\\\/\\\/finquesbadalona.com\\\/#website\",\"url\":\"https:\\\/\\\/finquesbadalona.com\\\/\",\"name\":\"Finques Badalona\",\"description\":\"El teu administrador de finques de confian\u00e7a\",\"publisher\":{\"@id\":\"https:\\\/\\\/finquesbadalona.com\\\/#organization\"},\"alternateName\":\"Finques Badalona - Administradors de finques\",\"potentialAction\":[{\"@type\":\"SearchAction\",\"target\":{\"@type\":\"EntryPoint\",\"urlTemplate\":\"https:\\\/\\\/finquesbadalona.com\\\/?s={search_term_string}\"},\"query-input\":{\"@type\":\"PropertyValueSpecification\",\"valueRequired\":true,\"valueName\":\"search_term_string\"}}],\"inLanguage\":\"es\"},{\"@type\":\"Organization\",\"@id\":\"https:\\\/\\\/finquesbadalona.com\\\/#organization\",\"name\":\"Finques Badalona\",\"alternateName\":\"Finques Badalona - Administradors de finques\",\"url\":\"https:\\\/\\\/finquesbadalona.com\\\/\",\"logo\":{\"@type\":\"ImageObject\",\"inLanguage\":\"es\",\"@id\":\"https:\\\/\\\/finquesbadalona.com\\\/#\\\/schema\\\/logo\\\/image\\\/\",\"url\":\"https:\\\/\\\/finquesbadalona.com\\\/wp-content\\\/uploads\\\/2024\\\/03\\\/logo-verd.png\",\"contentUrl\":\"https:\\\/\\\/finquesbadalona.com\\\/wp-content\\\/uploads\\\/2024\\\/03\\\/logo-verd.png\",\"width\":397,\"height\":261,\"caption\":\"Finques Badalona\"},\"image\":{\"@id\":\"https:\\\/\\\/finquesbadalona.com\\\/#\\\/schema\\\/logo\\\/image\\\/\"},\"sameAs\":[\"https:\\\/\\\/www.instagram.com\\\/finquesbadalona\\\/\"]}]}<\/script>\n<!-- \/ Yoast SEO plugin. -->","yoast_head_json":{"title":"Presupuesto Administraci\u00f3n de Patrimonio - Finques Badalona","description":"Finques Badalona te calcula un presupuesto para administrar tu patrimonio","robots":{"index":"index","follow":"follow","max-snippet":"max-snippet:-1","max-image-preview":"max-image-preview:large","max-video-preview":"max-video-preview:-1"},"canonical":"https:\/\/finquesbadalona.com\/es\/pressupost-administracio-patrimoni\/","og_locale":"es_ES","og_type":"article","og_title":"Pressupost Administraci\u00f3 de Patrimoni - Finques Badalona","og_description":"Finques Badalona et calcula un pressupost per administrar el teu patrimoni","og_url":"https:\/\/finquesbadalona.com\/es\/pressupost-administracio-patrimoni\/","og_site_name":"Finques Badalona","article_modified_time":"2024-05-28T09:28:51+00:00","og_image":[{"width":397,"height":261,"url":"https:\/\/finquesbadalona.com\/wp-content\/uploads\/2024\/03\/logo-verd.png","type":"image\/png"}],"twitter_card":"summary_large_image","twitter_misc":{"Tiempo de lectura":"1 minuto"},"schema":{"@context":"https:\/\/schema.org","@graph":[{"@type":"WebPage","@id":"https:\/\/finquesbadalona.com\/pressupost-administracio-patrimoni\/","url":"https:\/\/finquesbadalona.com\/pressupost-administracio-patrimoni\/","name":"Presupuesto Administraci\u00f3n de Patrimonio - Finques Badalona","isPartOf":{"@id":"https:\/\/finquesbadalona.com\/#website"},"datePublished":"2024-05-24T18:43:44+00:00","dateModified":"2024-05-28T09:28:51+00:00","description":"Finques Badalona te calcula un presupuesto para administrar tu patrimonio","breadcrumb":{"@id":"https:\/\/finquesbadalona.com\/pressupost-administracio-patrimoni\/#breadcrumb"},"inLanguage":"es","potentialAction":[{"@type":"ReadAction","target":["https:\/\/finquesbadalona.com\/pressupost-administracio-patrimoni\/"]}]},{"@type":"BreadcrumbList","@id":"https:\/\/finquesbadalona.com\/pressupost-administracio-patrimoni\/#breadcrumb","itemListElement":[{"@type":"ListItem","position":1,"name":"Portada","item":"https:\/\/finquesbadalona.com\/"},{"@type":"ListItem","position":2,"name":"Pressupost Administraci\u00f3 de Patrimoni"}]},{"@type":"WebSite","@id":"https:\/\/finquesbadalona.com\/#website","url":"https:\/\/finquesbadalona.com\/","name":"Finques Badalona","description":"El teu administrador de finques de confian\u00e7a","publisher":{"@id":"https:\/\/finquesbadalona.com\/#organization"},"alternateName":"Finques Badalona - Administradors de finques","potentialAction":[{"@type":"SearchAction","target":{"@type":"EntryPoint","urlTemplate":"https:\/\/finquesbadalona.com\/?s={search_term_string}"},"query-input":{"@type":"PropertyValueSpecification","valueRequired":true,"valueName":"search_term_string"}}],"inLanguage":"es"},{"@type":"Organization","@id":"https:\/\/finquesbadalona.com\/#organization","name":"Finques Badalona","alternateName":"Finques Badalona - Administradors de finques","url":"https:\/\/finquesbadalona.com\/","logo":{"@type":"ImageObject","inLanguage":"es","@id":"https:\/\/finquesbadalona.com\/#\/schema\/logo\/image\/","url":"https:\/\/finquesbadalona.com\/wp-content\/uploads\/2024\/03\/logo-verd.png","contentUrl":"https:\/\/finquesbadalona.com\/wp-content\/uploads\/2024\/03\/logo-verd.png","width":397,"height":261,"caption":"Finques Badalona"},"image":{"@id":"https:\/\/finquesbadalona.com\/#\/schema\/logo\/image\/"},"sameAs":["https:\/\/www.instagram.com\/finquesbadalona\/"]}]}},"_links":{"self":[{"href":"https:\/\/finquesbadalona.com\/es\/wp-json\/wp\/v2\/pages\/1400","targetHints":{"allow":["GET"]}}],"collection":[{"href":"https:\/\/finquesbadalona.com\/es\/wp-json\/wp\/v2\/pages"}],"about":[{"href":"https:\/\/finquesbadalona.com\/es\/wp-json\/wp\/v2\/types\/page"}],"author":[{"embeddable":true,"href":"https:\/\/finquesbadalona.com\/es\/wp-json\/wp\/v2\/users\/1"}],"replies":[{"embeddable":true,"href":"https:\/\/finquesbadalona.com\/es\/wp-json\/wp\/v2\/comments?post=1400"}],"version-history":[{"count":10,"href":"https:\/\/finquesbadalona.com\/es\/wp-json\/wp\/v2\/pages\/1400\/revisions"}],"predecessor-version":[{"id":1412,"href":"https:\/\/finquesbadalona.com\/es\/wp-json\/wp\/v2\/pages\/1400\/revisions\/1412"}],"wp:attachment":[{"href":"https:\/\/finquesbadalona.com\/es\/wp-json\/wp\/v2\/media?parent=1400"}],"curies":[{"name":"wp","href":"https:\/\/api.w.org\/{rel}","templated":true}]}}